{"id":88,"date":"2020-03-03T08:50:27","date_gmt":"2020-03-03T08:50:27","guid":{"rendered":"https:\/\/www.universolorca.com\/trivial\/?page_id=88"},"modified":"2021-09-20T12:46:01","modified_gmt":"2021-09-20T10:46:01","slug":"especialista","status":"publish","type":"page","link":"https:\/\/www.universolorca.com\/trivial\/especialista\/","title":{"rendered":"Diplomado"},"content":{"rendered":"\t\t<div data-elementor-type=\"wp-page\" data-elementor-id=\"88\" class=\"elementor elementor-88\">\n\t\t\t\t\t\t<section class=\"elementor-section elementor-top-section elementor-element elementor-element-b5f6fec elementor-section-boxed elementor-section-height-default elementor-section-height-default\" data-id=\"b5f6fec\" data-element_type=\"section\">\n\t\t\t\t\t\t<div class=\"elementor-container elementor-column-gap-default\">\n\t\t\t\t\t<div class=\"elementor-column elementor-col-100 elementor-top-column elementor-element elementor-element-6648cbd\" data-id=\"6648cbd\" data-element_type=\"column\">\n\t\t\t<div class=\"elementor-widget-wrap elementor-element-populated\">\n\t\t\t\t\t\t<div class=\"elementor-element elementor-element-b4c7645 elementor-widget elementor-widget-heading\" data-id=\"b4c7645\" data-element_type=\"widget\" data-widget_type=\"heading.default\">\n\t\t\t\t<div class=\"elementor-widget-container\">\n\t\t\t<span class=\"elementor-heading-title elementor-size-medium\">TRIVIAL DIPLOMADO<\/span>\t\t<\/div>\n\t\t\t\t<\/div>\n\t\t\t\t<div class=\"elementor-element elementor-element-52e9552 elementor-widget-divider--view-line elementor-widget elementor-widget-divider\" data-id=\"52e9552\" data-element_type=\"widget\" data-widget_type=\"divider.default\">\n\t\t\t\t<div class=\"elementor-widget-container\">\n\t\t\t\t\t<div class=\"elementor-divider\">\n\t\t\t<span class=\"elementor-divider-separator\">\n\t\t\t\t\t\t<\/span>\n\t\t<\/div>\n\t\t\t\t<\/div>\n\t\t\t\t<\/div>\n\t\t\t\t<div class=\"elementor-element elementor-element-be4368d elementor-widget elementor-widget-heading\" data-id=\"be4368d\" data-element_type=\"widget\" data-widget_type=\"heading.default\">\n\t\t\t\t<div class=\"elementor-widget-container\">\n\t\t\t<h1 class=\"elementor-heading-title elementor-size-default\">\u00bfTe consideras todo un DIPLOMADO en Federico Garc\u00eda Lorca?<\/h1>\t\t<\/div>\n\t\t\t\t<\/div>\n\t\t\t\t<div class=\"elementor-element elementor-element-bc57bec elementor-widget elementor-widget-text-editor\" data-id=\"bc57bec\" data-element_type=\"widget\" data-widget_type=\"text-editor.default\">\n\t\t\t\t<div class=\"elementor-widget-container\">\n\t\t\t\t\t\t\t<p>Enfr\u00e9ntate a 10 preguntas sobre el Universo del poeta granadino para demostrarlo.<\/p>\t\t\t\t\t\t<\/div>\n\t\t\t\t<\/div>\n\t\t\t\t\t<\/div>\n\t\t<\/div>\n\t\t\t\t\t<\/div>\n\t\t<\/section>\n\t\t\t\t<section class=\"elementor-section elementor-top-section elementor-element elementor-element-47a7e88 elementor-section-boxed elementor-section-height-default elementor-section-height-default\" data-id=\"47a7e88\" data-element_type=\"section\" data-settings=\"{&quot;background_background&quot;:&quot;classic&quot;}\">\n\t\t\t\t\t\t\t<div class=\"elementor-background-overlay\"><\/div>\n\t\t\t\t\t\t\t<div class=\"elementor-container elementor-column-gap-default\">\n\t\t\t\t\t<div class=\"elementor-column elementor-col-100 elementor-top-column elementor-element elementor-element-cdc6b26\" data-id=\"cdc6b26\" data-element_type=\"column\" data-settings=\"{&quot;background_background&quot;:&quot;classic&quot;}\">\n\t\t\t<div class=\"elementor-widget-wrap elementor-element-populated\">\n\t\t\t\t\t\t<div class=\"elementor-element elementor-element-fdf596e elementor-widget elementor-widget-heading\" data-id=\"fdf596e\" data-element_type=\"widget\" data-widget_type=\"heading.default\">\n\t\t\t\t<div class=\"elementor-widget-container\">\n\t\t\t<h2 class=\"elementor-heading-title elementor-size-default\">Obt\u00e9n tu certificado<\/h2>\t\t<\/div>\n\t\t\t\t<\/div>\n\t\t\t\t<div class=\"elementor-element elementor-element-c1572ee elementor-widget elementor-widget-image\" data-id=\"c1572ee\" data-element_type=\"widget\" data-widget_type=\"image.default\">\n\t\t\t\t<div class=\"elementor-widget-container\">\n\t\t\t\t\t\t\t\t\t\t\t\t\t<img fetchpriority=\"high\" decoding=\"async\" width=\"1118\" height=\"773\" src=\"https:\/\/www.universolorca.com\/trivial\/wp-content\/uploads\/2020\/04\/diplomado-pre.png\" class=\"attachment-full size-full wp-image-712\" alt=\"cartel diplomado\" srcset=\"https:\/\/www.universolorca.com\/trivial\/wp-content\/uploads\/2020\/04\/diplomado-pre.png 1118w, https:\/\/www.universolorca.com\/trivial\/wp-content\/uploads\/2020\/04\/diplomado-pre-300x207.png 300w, https:\/\/www.universolorca.com\/trivial\/wp-content\/uploads\/2020\/04\/diplomado-pre-1024x708.png 1024w, https:\/\/www.universolorca.com\/trivial\/wp-content\/uploads\/2020\/04\/diplomado-pre-768x531.png 768w\" sizes=\"(max-width: 1118px) 100vw, 1118px\" \/>\t\t\t\t\t\t\t\t\t\t\t\t\t<\/div>\n\t\t\t\t<\/div>\n\t\t\t\t<div class=\"elementor-element elementor-element-048f2c1 elementor-widget elementor-widget-image\" data-id=\"048f2c1\" data-element_type=\"widget\" data-widget_type=\"image.default\">\n\t\t\t\t<div class=\"elementor-widget-container\">\n\t\t\t\t\t\t\t\t\t\t\t\t\t<img decoding=\"async\" width=\"77\" height=\"75\" src=\"https:\/\/www.universolorca.com\/trivial\/wp-content\/uploads\/2020\/04\/icon.png\" class=\"attachment-full size-full wp-image-401\" alt=\"\" \/>\t\t\t\t\t\t\t\t\t\t\t\t\t<\/div>\n\t\t\t\t<\/div>\n\t\t\t\t<div class=\"elementor-element elementor-element-bccaee5 elementor-widget elementor-widget-heading\" data-id=\"bccaee5\" data-element_type=\"widget\" data-widget_type=\"heading.default\">\n\t\t\t\t<div class=\"elementor-widget-container\">\n\t\t\t<p class=\"elementor-heading-title elementor-size-default\">Acred\u00edtate como \u00abDiplomado en Universo Lorca\u00bb contestando correctamente al menos 8 de las preguntas.<\/p>\t\t<\/div>\n\t\t\t\t<\/div>\n\t\t\t\t<div class=\"elementor-element elementor-element-7e42842 elementor-widget elementor-widget-image\" data-id=\"7e42842\" data-element_type=\"widget\" data-widget_type=\"image.default\">\n\t\t\t\t<div class=\"elementor-widget-container\">\n\t\t\t\t\t\t\t\t\t\t\t\t\t<img decoding=\"async\" width=\"77\" height=\"75\" src=\"https:\/\/www.universolorca.com\/trivial\/wp-content\/uploads\/2020\/04\/icon.png\" class=\"attachment-full size-full wp-image-401\" alt=\"\" \/>\t\t\t\t\t\t\t\t\t\t\t\t\t<\/div>\n\t\t\t\t<\/div>\n\t\t\t\t<div class=\"elementor-element elementor-element-df0dff3 elementor-widget elementor-widget-heading\" data-id=\"df0dff3\" data-element_type=\"widget\" data-widget_type=\"heading.default\">\n\t\t\t\t<div class=\"elementor-widget-container\">\n\t\t\t<p class=\"elementor-heading-title elementor-size-default\">Podr\u00e1s repetir el test tantas veces como quieras.<\/p>\t\t<\/div>\n\t\t\t\t<\/div>\n\t\t\t\t<div class=\"elementor-element elementor-element-e25c608 elementor-widget elementor-widget-image\" data-id=\"e25c608\" data-element_type=\"widget\" data-widget_type=\"image.default\">\n\t\t\t\t<div class=\"elementor-widget-container\">\n\t\t\t\t\t\t\t\t\t\t\t\t\t<img decoding=\"async\" width=\"77\" height=\"75\" src=\"https:\/\/www.universolorca.com\/trivial\/wp-content\/uploads\/2020\/04\/icon.png\" class=\"attachment-full size-full wp-image-401\" alt=\"\" \/>\t\t\t\t\t\t\t\t\t\t\t\t\t<\/div>\n\t\t\t\t<\/div>\n\t\t\t\t<div class=\"elementor-element elementor-element-227faf0 elementor-widget elementor-widget-text-editor\" data-id=\"227faf0\" data-element_type=\"widget\" data-widget_type=\"text-editor.default\">\n\t\t\t\t<div class=\"elementor-widget-container\">\n\t\t\t\t\t\t\t<p>Toda la informaci\u00f3n para contestar a estas preguntas la encontrar\u00e1s en <span style=\"color: #e87373;\"><a style=\"color: #e87373;\" href=\"https:\/\/universolorca.com\/\">UNIVERSOLORCA.COM<\/a><\/span><\/p>\t\t\t\t\t\t<\/div>\n\t\t\t\t<\/div>\n\t\t\t\t<div class=\"elementor-element elementor-element-a8ff423 elementor-align-center elementor-widget elementor-widget-button\" data-id=\"a8ff423\" data-element_type=\"widget\" data-widget_type=\"button.default\">\n\t\t\t\t<div class=\"elementor-widget-container\">\n\t\t\t\t\t<div class=\"elementor-button-wrapper\">\n\t\t\t<a class=\"elementor-button elementor-button-link elementor-size-sm\" href=\"\/trivial\/especialista\/quiz-especialista\/\">\n\t\t\t\t\t\t<span class=\"elementor-button-content-wrapper\">\n\t\t\t\t\t\t\t\t\t<span class=\"elementor-button-text\">Comenzar trivial diplomado<\/span>\n\t\t\t\t\t<\/span>\n\t\t\t\t\t<\/a>\n\t\t<\/div>\n\t\t\t\t<\/div>\n\t\t\t\t<\/div>\n\t\t\t\t\t<\/div>\n\t\t<\/div>\n\t\t\t\t\t<\/div>\n\t\t<\/section>\n\t\t\t\t<section class=\"elementor-section elementor-top-section elementor-element elementor-element-cec87e7 elementor-hidden-phone elementor-section-boxed elementor-section-height-default elementor-section-height-default\" data-id=\"cec87e7\" data-element_type=\"section\" data-settings=\"{&quot;background_background&quot;:&quot;classic&quot;}\">\n\t\t\t\t\t\t\t<div class=\"elementor-background-overlay\"><\/div>\n\t\t\t\t\t\t\t<div class=\"elementor-container elementor-column-gap-default\">\n\t\t\t\t\t<div class=\"elementor-column elementor-col-100 elementor-top-column elementor-element elementor-element-862dba1\" data-id=\"862dba1\" data-element_type=\"column\">\n\t\t\t<div class=\"elementor-widget-wrap\">\n\t\t\t\t\t\t\t<\/div>\n\t\t<\/div>\n\t\t\t\t\t<\/div>\n\t\t<\/section>\n\t\t\t\t<section class=\"elementor-section elementor-top-section elementor-element elementor-element-350bf59 elementor-hidden-phone elementor-section-boxed elementor-section-height-default elementor-section-height-default\" data-id=\"350bf59\" data-element_type=\"section\">\n\t\t\t\t\t\t<div class=\"elementor-container elementor-column-gap-default\">\n\t\t\t\t\t<div class=\"elementor-column elementor-col-100 elementor-top-column elementor-element elementor-element-dc337d7\" data-id=\"dc337d7\" data-element_type=\"column\">\n\t\t\t<div class=\"elementor-widget-wrap\">\n\t\t\t\t\t\t\t<\/div>\n\t\t<\/div>\n\t\t\t\t\t<\/div>\n\t\t<\/section>\n\t\t\t\t<\/div>\n\t\t","protected":false},"excerpt":{"rendered":"<p>TRIVIAL DIPLOMADO \u00bfTe consideras todo un DIPLOMADO en Federico Garc\u00eda Lorca? Enfr\u00e9ntate a 10 preguntas sobre el Universo del poeta granadino para demostrarlo. Obt\u00e9n tu certificado Acred\u00edtate como \u00abDiplomado en Universo Lorca\u00bb contestando correctamente al menos 8 de las preguntas. Podr\u00e1s repetir el test tantas veces como quieras. Toda la informaci\u00f3n para contestar a estas [&hellip;]<\/p>\n","protected":false},"author":1,"featured_media":0,"parent":0,"menu_order":0,"comment_status":"closed","ping_status":"closed","template":"elementor_header_footer","meta":{"footnotes":""},"class_list":["post-88","page","type-page","status-publish","hentry"],"_links":{"self":[{"href":"https:\/\/www.universolorca.com\/trivial\/wp-json\/wp\/v2\/pages\/88"}],"collection":[{"href":"https:\/\/www.universolorca.com\/trivial\/wp-json\/wp\/v2\/pages"}],"about":[{"href":"https:\/\/www.universolorca.com\/trivial\/wp-json\/wp\/v2\/types\/page"}],"author":[{"embeddable":true,"href":"https:\/\/www.universolorca.com\/trivial\/wp-json\/wp\/v2\/users\/1"}],"replies":[{"embeddable":true,"href":"https:\/\/www.universolorca.com\/trivial\/wp-json\/wp\/v2\/comments?post=88"}],"version-history":[{"count":3,"href":"https:\/\/www.universolorca.com\/trivial\/wp-json\/wp\/v2\/pages\/88\/revisions"}],"predecessor-version":[{"id":850,"href":"https:\/\/www.universolorca.com\/trivial\/wp-json\/wp\/v2\/pages\/88\/revisions\/850"}],"wp:attachment":[{"href":"https:\/\/www.universolorca.com\/trivial\/wp-json\/wp\/v2\/media?parent=88"}],"curies":[{"name":"wp","href":"https:\/\/api.w.org\/{rel}","templated":true}]}}