{"id":275,"date":"2020-03-16T13:11:02","date_gmt":"2020-03-16T13:11:02","guid":{"rendered":"https:\/\/www.universolorca.com\/trivial\/?page_id=275"},"modified":"2020-04-27T16:29:59","modified_gmt":"2020-04-27T14:29:59","slug":"experto","status":"publish","type":"page","link":"https:\/\/www.universolorca.com\/trivial\/experto\/","title":{"rendered":"Experto"},"content":{"rendered":"\t\t<div data-elementor-type=\"wp-page\" data-elementor-id=\"275\" class=\"elementor elementor-275\">\n\t\t\t\t\t\t<section class=\"elementor-section elementor-top-section elementor-element elementor-element-7932e17e elementor-section-boxed elementor-section-height-default elementor-section-height-default\" data-id=\"7932e17e\" data-element_type=\"section\">\n\t\t\t\t\t\t<div class=\"elementor-container elementor-column-gap-default\">\n\t\t\t\t\t<div class=\"elementor-column elementor-col-100 elementor-top-column elementor-element elementor-element-21868b04\" data-id=\"21868b04\" data-element_type=\"column\">\n\t\t\t<div class=\"elementor-widget-wrap elementor-element-populated\">\n\t\t\t\t\t\t<div class=\"elementor-element elementor-element-2189a7f7 elementor-widget elementor-widget-heading\" data-id=\"2189a7f7\" data-element_type=\"widget\" data-widget_type=\"heading.default\">\n\t\t\t\t<div class=\"elementor-widget-container\">\n\t\t\t<span class=\"elementor-heading-title elementor-size-medium\">TRIVIAL EXPERTO<\/span>\t\t<\/div>\n\t\t\t\t<\/div>\n\t\t\t\t<div class=\"elementor-element elementor-element-543df178 elementor-widget-divider--view-line elementor-widget elementor-widget-divider\" data-id=\"543df178\" data-element_type=\"widget\" data-widget_type=\"divider.default\">\n\t\t\t\t<div class=\"elementor-widget-container\">\n\t\t\t\t\t<div class=\"elementor-divider\">\n\t\t\t<span class=\"elementor-divider-separator\">\n\t\t\t\t\t\t<\/span>\n\t\t<\/div>\n\t\t\t\t<\/div>\n\t\t\t\t<\/div>\n\t\t\t\t<div class=\"elementor-element elementor-element-904e33a elementor-widget elementor-widget-heading\" data-id=\"904e33a\" data-element_type=\"widget\" data-widget_type=\"heading.default\">\n\t\t\t\t<div class=\"elementor-widget-container\">\n\t\t\t<h1 class=\"elementor-heading-title elementor-size-default\">\u00bfTe consideras todo un <span style=\"color:#E87373\">EXPERTO<\/span> en Federico Garc\u00eda Lorca?<\/h1>\t\t<\/div>\n\t\t\t\t<\/div>\n\t\t\t\t<div class=\"elementor-element elementor-element-3b625dec elementor-widget elementor-widget-text-editor\" data-id=\"3b625dec\" data-element_type=\"widget\" data-widget_type=\"text-editor.default\">\n\t\t\t\t<div class=\"elementor-widget-container\">\n\t\t\t\t\t\t\t<p>Enfr\u00e9ntate a 10 preguntas sobre el Universo del poeta granadino para demostrarlo.<\/p>\t\t\t\t\t\t<\/div>\n\t\t\t\t<\/div>\n\t\t\t\t\t<\/div>\n\t\t<\/div>\n\t\t\t\t\t<\/div>\n\t\t<\/section>\n\t\t\t\t<section class=\"elementor-section elementor-top-section elementor-element elementor-element-26c79dff elementor-section-boxed elementor-section-height-default elementor-section-height-default\" data-id=\"26c79dff\" data-element_type=\"section\" data-settings=\"{&quot;background_background&quot;:&quot;classic&quot;}\">\n\t\t\t\t\t\t\t<div class=\"elementor-background-overlay\"><\/div>\n\t\t\t\t\t\t\t<div class=\"elementor-container elementor-column-gap-default\">\n\t\t\t\t\t<div class=\"elementor-column elementor-col-100 elementor-top-column elementor-element elementor-element-54228f2c lorca-niveles\" data-id=\"54228f2c\" data-element_type=\"column\" id=\"nivel-experto-single\" data-settings=\"{&quot;background_background&quot;:&quot;classic&quot;}\">\n\t\t\t<div class=\"elementor-widget-wrap elementor-element-populated\">\n\t\t\t\t\t\t<div class=\"elementor-element elementor-element-449b70a8 elementor-widget elementor-widget-heading\" data-id=\"449b70a8\" data-element_type=\"widget\" data-widget_type=\"heading.default\">\n\t\t\t\t<div class=\"elementor-widget-container\">\n\t\t\t<h2 class=\"elementor-heading-title elementor-size-default\">Obt\u00e9n tu certificado<\/h2>\t\t<\/div>\n\t\t\t\t<\/div>\n\t\t\t\t<div class=\"elementor-element elementor-element-50898375 elementor-widget elementor-widget-image\" data-id=\"50898375\" data-element_type=\"widget\" data-widget_type=\"image.default\">\n\t\t\t\t<div class=\"elementor-widget-container\">\n\t\t\t\t\t\t\t\t\t\t\t\t\t<img fetchpriority=\"high\" decoding=\"async\" width=\"1118\" height=\"773\" src=\"https:\/\/www.universolorca.com\/trivial\/wp-content\/uploads\/2020\/04\/Group-29-1-1.png\" class=\"attachment-full size-full wp-image-461\" alt=\"cartel experto\" srcset=\"https:\/\/www.universolorca.com\/trivial\/wp-content\/uploads\/2020\/04\/Group-29-1-1.png 1118w, https:\/\/www.universolorca.com\/trivial\/wp-content\/uploads\/2020\/04\/Group-29-1-1-300x207.png 300w, https:\/\/www.universolorca.com\/trivial\/wp-content\/uploads\/2020\/04\/Group-29-1-1-1024x708.png 1024w, https:\/\/www.universolorca.com\/trivial\/wp-content\/uploads\/2020\/04\/Group-29-1-1-768x531.png 768w\" sizes=\"(max-width: 1118px) 100vw, 1118px\" \/>\t\t\t\t\t\t\t\t\t\t\t\t\t<\/div>\n\t\t\t\t<\/div>\n\t\t\t\t<div class=\"elementor-element elementor-element-5efda66e elementor-widget elementor-widget-image\" data-id=\"5efda66e\" data-element_type=\"widget\" data-widget_type=\"image.default\">\n\t\t\t\t<div class=\"elementor-widget-container\">\n\t\t\t\t\t\t\t\t\t\t\t\t\t<img decoding=\"async\" width=\"77\" height=\"75\" src=\"https:\/\/www.universolorca.com\/trivial\/wp-content\/uploads\/2020\/04\/icon.png\" class=\"attachment-full size-full wp-image-401\" alt=\"\" \/>\t\t\t\t\t\t\t\t\t\t\t\t\t<\/div>\n\t\t\t\t<\/div>\n\t\t\t\t<div class=\"elementor-element elementor-element-69e98f90 elementor-widget elementor-widget-heading\" data-id=\"69e98f90\" data-element_type=\"widget\" data-widget_type=\"heading.default\">\n\t\t\t\t<div class=\"elementor-widget-container\">\n\t\t\t<p class=\"elementor-heading-title elementor-size-default\">Acred\u00edtate como \u00abExperto en Universo Lorca\u00bb contestando correctamente al menos 8 de las preguntas.<\/p>\t\t<\/div>\n\t\t\t\t<\/div>\n\t\t\t\t<div class=\"elementor-element elementor-element-150319d1 elementor-widget elementor-widget-image\" data-id=\"150319d1\" data-element_type=\"widget\" data-widget_type=\"image.default\">\n\t\t\t\t<div class=\"elementor-widget-container\">\n\t\t\t\t\t\t\t\t\t\t\t\t\t<img decoding=\"async\" width=\"77\" height=\"75\" src=\"https:\/\/www.universolorca.com\/trivial\/wp-content\/uploads\/2020\/04\/icon.png\" class=\"attachment-full size-full wp-image-401\" alt=\"\" \/>\t\t\t\t\t\t\t\t\t\t\t\t\t<\/div>\n\t\t\t\t<\/div>\n\t\t\t\t<div class=\"elementor-element elementor-element-154eee5e elementor-widget elementor-widget-heading\" data-id=\"154eee5e\" data-element_type=\"widget\" data-widget_type=\"heading.default\">\n\t\t\t\t<div class=\"elementor-widget-container\">\n\t\t\t<p class=\"elementor-heading-title elementor-size-default\">Podr\u00e1s repetir el test tantas veces como quieras.<\/p>\t\t<\/div>\n\t\t\t\t<\/div>\n\t\t\t\t<div class=\"elementor-element elementor-element-41c30193 elementor-widget elementor-widget-image\" data-id=\"41c30193\" data-element_type=\"widget\" data-widget_type=\"image.default\">\n\t\t\t\t<div class=\"elementor-widget-container\">\n\t\t\t\t\t\t\t\t\t\t\t\t\t<img decoding=\"async\" width=\"77\" height=\"75\" src=\"https:\/\/www.universolorca.com\/trivial\/wp-content\/uploads\/2020\/04\/icon.png\" class=\"attachment-full size-full wp-image-401\" alt=\"\" \/>\t\t\t\t\t\t\t\t\t\t\t\t\t<\/div>\n\t\t\t\t<\/div>\n\t\t\t\t<div class=\"elementor-element elementor-element-5b2dabd8 elementor-widget elementor-widget-text-editor\" data-id=\"5b2dabd8\" data-element_type=\"widget\" data-widget_type=\"text-editor.default\">\n\t\t\t\t<div class=\"elementor-widget-container\">\n\t\t\t\t\t\t\t<p>Toda la informaci\u00f3n para contestar a estas preguntas la encontrar\u00e1s en <span style=\"color: #e87373;\"><a style=\"color: #e87373;\" href=\"https:\/\/universolorca.com\/\">UNIVERSOLORCA.COM<\/a><\/span><\/p>\t\t\t\t\t\t<\/div>\n\t\t\t\t<\/div>\n\t\t\t\t<div class=\"elementor-element elementor-element-34b06d0 texto-desbloquear elementor-widget elementor-widget-text-editor\" data-id=\"34b06d0\" data-element_type=\"widget\" data-widget_type=\"text-editor.default\">\n\t\t\t\t<div class=\"elementor-widget-container\">\n\t\t\t\t\t\t\t<p>Para comenzar este nivel primero tienes que completar el\u00a0<a href=\"\/trivial\/especialista\/\">Nivel Especialista<\/a><\/p>\t\t\t\t\t\t<\/div>\n\t\t\t\t<\/div>\n\t\t\t\t<div class=\"elementor-element elementor-element-69235be elementor-align-center boton-comenzar elementor-widget elementor-widget-button\" data-id=\"69235be\" data-element_type=\"widget\" data-widget_type=\"button.default\">\n\t\t\t\t<div class=\"elementor-widget-container\">\n\t\t\t\t\t<div class=\"elementor-button-wrapper\">\n\t\t\t<a class=\"elementor-button elementor-button-link elementor-size-sm\" href=\"\/trivial\/experto\/quiz-experto\/\">\n\t\t\t\t\t\t<span class=\"elementor-button-content-wrapper\">\n\t\t\t\t\t\t\t\t\t<span class=\"elementor-button-text\">Comenzar Trivial experto<\/span>\n\t\t\t\t\t<\/span>\n\t\t\t\t\t<\/a>\n\t\t<\/div>\n\t\t\t\t<\/div>\n\t\t\t\t<\/div>\n\t\t\t\t\t<\/div>\n\t\t<\/div>\n\t\t\t\t\t<\/div>\n\t\t<\/section>\n\t\t\t\t<section class=\"elementor-section elementor-top-section elementor-element elementor-element-5db09391 elementor-hidden-phone elementor-section-boxed elementor-section-height-default elementor-section-height-default\" data-id=\"5db09391\" data-element_type=\"section\" data-settings=\"{&quot;background_background&quot;:&quot;classic&quot;}\">\n\t\t\t\t\t\t\t<div class=\"elementor-background-overlay\"><\/div>\n\t\t\t\t\t\t\t<div class=\"elementor-container elementor-column-gap-default\">\n\t\t\t\t\t<div class=\"elementor-column elementor-col-100 elementor-top-column elementor-element elementor-element-4d918e77\" data-id=\"4d918e77\" data-element_type=\"column\">\n\t\t\t<div class=\"elementor-widget-wrap\">\n\t\t\t\t\t\t\t<\/div>\n\t\t<\/div>\n\t\t\t\t\t<\/div>\n\t\t<\/section>\n\t\t\t\t<section class=\"elementor-section elementor-top-section elementor-element elementor-element-4a76c865 elementor-hidden-phone elementor-section-boxed elementor-section-height-default elementor-section-height-default\" data-id=\"4a76c865\" data-element_type=\"section\">\n\t\t\t\t\t\t<div class=\"elementor-container elementor-column-gap-default\">\n\t\t\t\t\t<div class=\"elementor-column elementor-col-100 elementor-top-column elementor-element elementor-element-6b48781c\" data-id=\"6b48781c\" data-element_type=\"column\">\n\t\t\t<div class=\"elementor-widget-wrap\">\n\t\t\t\t\t\t\t<\/div>\n\t\t<\/div>\n\t\t\t\t\t<\/div>\n\t\t<\/section>\n\t\t\t\t<\/div>\n\t\t","protected":false},"excerpt":{"rendered":"<p>TRIVIAL EXPERTO \u00bfTe consideras todo un EXPERTO en Federico Garc\u00eda Lorca? Enfr\u00e9ntate a 10 preguntas sobre el Universo del poeta granadino para demostrarlo. Obt\u00e9n tu certificado Acred\u00edtate como \u00abExperto en Universo Lorca\u00bb contestando correctamente al menos 8 de las preguntas. Podr\u00e1s repetir el test tantas veces como quieras. Toda la informaci\u00f3n para contestar a estas [&hellip;]<\/p>\n","protected":false},"author":1,"featured_media":0,"parent":0,"menu_order":0,"comment_status":"closed","ping_status":"closed","template":"elementor_header_footer","meta":{"footnotes":""},"class_list":["post-275","page","type-page","status-publish","hentry"],"_links":{"self":[{"href":"https:\/\/www.universolorca.com\/trivial\/wp-json\/wp\/v2\/pages\/275"}],"collection":[{"href":"https:\/\/www.universolorca.com\/trivial\/wp-json\/wp\/v2\/pages"}],"about":[{"href":"https:\/\/www.universolorca.com\/trivial\/wp-json\/wp\/v2\/types\/page"}],"author":[{"embeddable":true,"href":"https:\/\/www.universolorca.com\/trivial\/wp-json\/wp\/v2\/users\/1"}],"replies":[{"embeddable":true,"href":"https:\/\/www.universolorca.com\/trivial\/wp-json\/wp\/v2\/comments?post=275"}],"version-history":[{"count":3,"href":"https:\/\/www.universolorca.com\/trivial\/wp-json\/wp\/v2\/pages\/275\/revisions"}],"predecessor-version":[{"id":765,"href":"https:\/\/www.universolorca.com\/trivial\/wp-json\/wp\/v2\/pages\/275\/revisions\/765"}],"wp:attachment":[{"href":"https:\/\/www.universolorca.com\/trivial\/wp-json\/wp\/v2\/media?parent=275"}],"curies":[{"name":"wp","href":"https:\/\/api.w.org\/{rel}","templated":true}]}}