{"id":10753,"date":"2021-09-20T06:43:49","date_gmt":"2021-09-20T06:43:49","guid":{"rendered":"https:\/\/www.universolorca.com\/biography-of-federico-garcia-lorca\/arrested-among-falangists-1936\/"},"modified":"2021-10-08T08:53:07","modified_gmt":"2021-10-08T08:53:07","slug":"arrested-among-falangists-1936","status":"publish","type":"page","link":"https:\/\/www.universolorca.com\/en\/biography-of-federico-garcia-lorca\/arrested-among-falangists-1936\/","title":{"rendered":"Arrested among Falangists (1936)"},"content":{"rendered":"<p>On the night of August 9, the family chauffeur drove Federico Garc\u00eda Lorca to the home of his friend the poet <a href=\"https:\/\/www.universolorca.com\/en\/personaje\/rosales-camacho-luis\/\">Luis Rosales<\/a>. The Rosales brothers were all leaders of the Falange. Lorca thought it was the safest place. However, on the afternoon of August 16, a group led by former CEDA deputy <a href=\"https:\/\/www.universolorca.com\/en\/personaje\/ruiz-alonso-ramon\/\">Ram\u00f3n Ruiz Alonso<\/a>, who had accused him of being a Russian spy, secretary of <a href=\"https:\/\/www.universolorca.com\/en\/personaje\/de-los-rios-urruti-fernando\/\">Fernando de los R\u00edos<\/a>, a homosexual and of having done more damage &#8220;with the pen than others with guns&#8221;, showed up <a href=\"https:\/\/www.universolorca.com\/en\/lugar\/casa-de-los-rosales\/\">at the house<\/a> accompanied by other factious people and arrested him. There was a third search in <a href=\"https:\/\/www.universolorca.com\/en\/lugar\/huerta-de-san-vicente\/\">Huerta de San Vicente (San Vicente Farmhouse)<\/a> on August 15 with Lorca already absent.<\/p>\n<figure id=\"attachment_4413\" class=\"thumbnail wp-caption aligncenter\" style=\"width: 1210px\"><a href=\"https:\/\/www.universolorca.com\/wp-content\/uploads\/2019\/01\/RETRATO_OLD-1936-de-las-\u00faltimas-fotos-vivo.-Maria-Teresa-Le\u00f3n-y-Vicente-Aleixandre.jpg\"><img loading=\"lazy\" decoding=\"async\" class=\"wp-image-10754 size-full\" src=\"https:\/\/www.universolorca.com\/wp-content\/uploads\/2019\/01\/RETRATO_OLD-1936-de-las-\u00faltimas-fotos-vivo.-Maria-Teresa-Le\u00f3n-y-Vicente-Aleixandre.jpg\" alt=\"One of the last photos of Federico Garc\u00eda Lorca, in 1936, with Mar\u00eda Teresa Le\u00f3n and Vicente Aleixandre.\" width=\"1200\" height=\"786\" srcset=\"https:\/\/www.universolorca.com\/wp-content\/uploads\/2019\/01\/RETRATO_OLD-1936-de-las-\u00faltimas-fotos-vivo.-Maria-Teresa-Le\u00f3n-y-Vicente-Aleixandre.jpg 1200w, https:\/\/www.universolorca.com\/wp-content\/uploads\/2019\/01\/RETRATO_OLD-1936-de-las-\u00faltimas-fotos-vivo.-Maria-Teresa-Le\u00f3n-y-Vicente-Aleixandre-300x197.jpg 300w, https:\/\/www.universolorca.com\/wp-content\/uploads\/2019\/01\/RETRATO_OLD-1936-de-las-\u00faltimas-fotos-vivo.-Maria-Teresa-Le\u00f3n-y-Vicente-Aleixandre-768x503.jpg 768w, https:\/\/www.universolorca.com\/wp-content\/uploads\/2019\/01\/RETRATO_OLD-1936-de-las-\u00faltimas-fotos-vivo.-Maria-Teresa-Le\u00f3n-y-Vicente-Aleixandre-1024x671.jpg 1024w, https:\/\/www.universolorca.com\/wp-content\/uploads\/2019\/01\/RETRATO_OLD-1936-de-las-\u00faltimas-fotos-vivo.-Maria-Teresa-Le\u00f3n-y-Vicente-Aleixandre-200x131.jpg 200w, https:\/\/www.universolorca.com\/wp-content\/uploads\/2019\/01\/RETRATO_OLD-1936-de-las-\u00faltimas-fotos-vivo.-Maria-Teresa-Le\u00f3n-y-Vicente-Aleixandre-330x216.jpg 330w, https:\/\/www.universolorca.com\/wp-content\/uploads\/2019\/01\/RETRATO_OLD-1936-de-las-\u00faltimas-fotos-vivo.-Maria-Teresa-Le\u00f3n-y-Vicente-Aleixandre-573x375.jpg 573w, https:\/\/www.universolorca.com\/wp-content\/uploads\/2019\/01\/RETRATO_OLD-1936-de-las-\u00faltimas-fotos-vivo.-Maria-Teresa-Le\u00f3n-y-Vicente-Aleixandre-320x210.jpg 320w, https:\/\/www.universolorca.com\/wp-content\/uploads\/2019\/01\/RETRATO_OLD-1936-de-las-\u00faltimas-fotos-vivo.-Maria-Teresa-Le\u00f3n-y-Vicente-Aleixandre-687x450.jpg 687w\" sizes=\"(max-width: 1200px) 100vw, 1200px\" \/><\/a><figcaption class=\"caption wp-caption-text\">One of the last photos of Federico Garc\u00eda Lorca, in 1936, with Mar\u00eda Teresa Le\u00f3n and Vicente Aleixandre. \/ Photo: FGL Foundation<\/figcaption><\/figure>\n<p>The poet was transferred to the <a href=\"https:\/\/www.universolorca.com\/en\/lugar\/gobierno-civil-1933-1944\/\">Gobierno Civil<\/a>, then located in the current Law School with access on Duquesa Street. Federico Garc\u00eda Lorca was confined in a small room containing a square table, an armchair and a couple of chairs. There he was seen by several people, among them <a href=\"https:\/\/www.universolorca.com\/en\/personaje\/rosales-camacho-jose\/\">Jos\u00e9 Rosales<\/a>. He remained in the room, which overlooked the Botanical Garden, for a period of time that, according to the different versions of the investigators, ranged from ten hours to two full days.<\/p>\n","protected":false},"excerpt":{"rendered":"<p>On the night of August 9, the family chauffeur drove Federico Garc\u00eda Lorca to the home of his friend the poet Luis Rosales. The Rosales brothers were all leaders of [&hellip;]<\/p>\n","protected":false},"author":2,"featured_media":0,"parent":10640,"menu_order":90,"comment_status":"closed","ping_status":"closed","template":"page-biografia.php","meta":{"footnotes":""},"class_list":["post-10753","page","type-page","status-publish","hentry"],"_links":{"self":[{"href":"https:\/\/www.universolorca.com\/en\/wp-json\/wp\/v2\/pages\/10753"}],"collection":[{"href":"https:\/\/www.universolorca.com\/en\/wp-json\/wp\/v2\/pages"}],"about":[{"href":"https:\/\/www.universolorca.com\/en\/wp-json\/wp\/v2\/types\/page"}],"author":[{"embeddable":true,"href":"https:\/\/www.universolorca.com\/en\/wp-json\/wp\/v2\/users\/2"}],"replies":[{"embeddable":true,"href":"https:\/\/www.universolorca.com\/en\/wp-json\/wp\/v2\/comments?post=10753"}],"version-history":[{"count":2,"href":"https:\/\/www.universolorca.com\/en\/wp-json\/wp\/v2\/pages\/10753\/revisions"}],"predecessor-version":[{"id":11204,"href":"https:\/\/www.universolorca.com\/en\/wp-json\/wp\/v2\/pages\/10753\/revisions\/11204"}],"up":[{"embeddable":true,"href":"https:\/\/www.universolorca.com\/en\/wp-json\/wp\/v2\/pages\/10640"}],"wp:attachment":[{"href":"https:\/\/www.universolorca.com\/en\/wp-json\/wp\/v2\/media?parent=10753"}],"curies":[{"name":"wp","href":"https:\/\/api.w.org\/{rel}","templated":true}]}}