{"id":10748,"date":"2021-09-20T06:42:45","date_gmt":"2021-09-20T06:42:45","guid":{"rendered":"https:\/\/www.universolorca.com\/musical\/lorca-and-music\/"},"modified":"2021-10-14T11:59:16","modified_gmt":"2021-10-14T11:59:16","slug":"lorca-and-music","status":"publish","type":"page","link":"https:\/\/www.universolorca.com\/en\/musical\/lorca-and-music\/","title":{"rendered":"Lorca and music"},"content":{"rendered":"<p>Federico Garc\u00eda Lorca, before publishing his first book in 1918, <em><a href=\"https:\/\/www.universolorca.com\/en\/obra-literaria\/impresiones-y-paisajes\/\">Impressions and Landscapes<\/a><\/em>, was for his family and acquaintances a promising performer and pianist. Following a family tradition, repeated in different relatives on his father\u2019s side, Federico had an evident musical vocation from his earliest age. There are testimonies that, before he could speak, he was already capable of humming certain melodies.<\/p>\n<p>At the age of eight, when the family moved to the <a href=\"https:\/\/www.universolorca.com\/en\/lugar\/casa-familiar-de-valderrubio\/\">house in Valderrubio<\/a>, Federico was able to remember a hundred popular songs and ballads. Although he knew popular music directly through his relatives and the servants working in his house, it was not until the family moved, in 1908, to the <a href=\"https:\/\/www.universolorca.com\/en\/lugar\/casa-acera-del-darro-50\/\">flat on the Acera del Darro<\/a> -the Lorca&#8217;s first home in the city of Granada &#8211; when he began to study classical music with <a href=\"https:\/\/www.universolorca.com\/en\/personaje\/segura-mesa-antonio\/\">Antonio Segura Mesa<\/a> (Granada 1842-1916), a modest composer of little recognition but who exerted a notable influence on him. Federico and <a href=\"https:\/\/www.universolorca.com\/en\/personaje\/garcia-lorca-concha\/\">his sister Concha<\/a> used to go to his lessons at the composer&#8217;s own <a href=\"https:\/\/www.universolorca.com\/en\/lugar\/casa-de-antonio-segura\/\">home in Escudo del Carmen street<\/a>.<\/p>\n<figure id=\"attachment_9018\" class=\"thumbnail wp-caption alignnone\" style=\"width: 899px\"><a href=\"https:\/\/www.universolorca.com\/wp-content\/uploads\/2018\/12\/G04_OLD_Federico-ante-su-piano-en-la-casa-de-Acera-del-Casino.jpg\"><img loading=\"lazy\" decoding=\"async\" class=\"wp-image-9018 size-full\" src=\"https:\/\/www.universolorca.com\/wp-content\/uploads\/2018\/12\/G04_OLD_Federico-ante-su-piano-en-la-casa-de-Acera-del-Casino.jpg\" alt=\"Lorca at his piano at the house on the Acera del Casino.\" width=\"889\" height=\"1200\" srcset=\"https:\/\/www.universolorca.com\/wp-content\/uploads\/2018\/12\/G04_OLD_Federico-ante-su-piano-en-la-casa-de-Acera-del-Casino.jpg 889w, https:\/\/www.universolorca.com\/wp-content\/uploads\/2018\/12\/G04_OLD_Federico-ante-su-piano-en-la-casa-de-Acera-del-Casino-222x300.jpg 222w, https:\/\/www.universolorca.com\/wp-content\/uploads\/2018\/12\/G04_OLD_Federico-ante-su-piano-en-la-casa-de-Acera-del-Casino-768x1037.jpg 768w, https:\/\/www.universolorca.com\/wp-content\/uploads\/2018\/12\/G04_OLD_Federico-ante-su-piano-en-la-casa-de-Acera-del-Casino-759x1024.jpg 759w, https:\/\/www.universolorca.com\/wp-content\/uploads\/2018\/12\/G04_OLD_Federico-ante-su-piano-en-la-casa-de-Acera-del-Casino-200x270.jpg 200w, https:\/\/www.universolorca.com\/wp-content\/uploads\/2018\/12\/G04_OLD_Federico-ante-su-piano-en-la-casa-de-Acera-del-Casino-330x445.jpg 330w, https:\/\/www.universolorca.com\/wp-content\/uploads\/2018\/12\/G04_OLD_Federico-ante-su-piano-en-la-casa-de-Acera-del-Casino-278x375.jpg 278w, https:\/\/www.universolorca.com\/wp-content\/uploads\/2018\/12\/G04_OLD_Federico-ante-su-piano-en-la-casa-de-Acera-del-Casino-333x450.jpg 333w\" sizes=\"(max-width: 889px) 100vw, 889px\" \/><\/a><figcaption class=\"caption wp-caption-text\">Lorca at his piano in the house on the Acera del Casino. \/ Photo: FGL Foundation.<\/figcaption><\/figure>\n<blockquote><p>The news of the appearance of his first book, paid for by his father, came as a surprise to many of them, who perhaps expected a sonata rather than a sonnet.<\/p><\/blockquote>\n<p><a href=\"https:\/\/www.universolorca.com\/en\/personaje\/mora-guarnido-jose\/\">Jos\u00e9 Mora Guarnido<\/a> describes Segura as an &#8220;old composer of unpublished operas and a failed artist&#8221; but who discovered Lorca&#8217;s &#8220;admirable native conditions&#8221;. His lessons in Harmony and Composition were not only technical, but extended to other enticements of musical life. &#8220;I would tell him about the lives, loves, sorrows and miseries of the great artists during the times of hope.&#8221; &#8220;Just because I haven&#8217;t reached the clouds,&#8221; he would tell him, &#8220;doesn&#8217;t mean that the clouds don&#8217;t exist.&#8221;<\/p>\n<p>Until Lorca turned to writing, among the tertulia members of <a href=\"https:\/\/www.universolorca.com\/en\/lugar\/el-rinconcillo\/\">El Rinconcillo<\/a> he was the only musician to participate in the meetings. In fact, <a href=\"https:\/\/www.universolorca.com\/en\/personaje\/de-los-rios-urruti-fernando\/\">Fernando de los R\u00edos<\/a> met him at the <a href=\"https:\/\/www.universolorca.com\/en\/lugar\/centro-artistico\/\">Centro Art\u00edstico<\/a> playing a Beethoven sonata. The news of the appearance of his first book, paid for by his father, came as a surprise to many of them, who were perhaps expecting a sonata rather than a sonnet.<\/p>\n<figure id=\"attachment_7244\" class=\"thumbnail wp-caption alignnone\" style=\"width: 810px\"><a href=\"https:\/\/www.universolorca.com\/wp-content\/uploads\/2019\/01\/RETRATO_OLD_Lorca-tocando-el-piano.jpg\"><img loading=\"lazy\" decoding=\"async\" class=\"wp-image-7244 size-full\" src=\"https:\/\/www.universolorca.com\/wp-content\/uploads\/2019\/01\/RETRATO_OLD_Lorca-tocando-el-piano.jpg\" alt=\"Federico Garc\u00eda Lorca tocando el piano. \" width=\"800\" height=\"1096\" srcset=\"https:\/\/www.universolorca.com\/wp-content\/uploads\/2019\/01\/RETRATO_OLD_Lorca-tocando-el-piano.jpg 800w, https:\/\/www.universolorca.com\/wp-content\/uploads\/2019\/01\/RETRATO_OLD_Lorca-tocando-el-piano-219x300.jpg 219w, https:\/\/www.universolorca.com\/wp-content\/uploads\/2019\/01\/RETRATO_OLD_Lorca-tocando-el-piano-768x1052.jpg 768w, https:\/\/www.universolorca.com\/wp-content\/uploads\/2019\/01\/RETRATO_OLD_Lorca-tocando-el-piano-747x1024.jpg 747w, https:\/\/www.universolorca.com\/wp-content\/uploads\/2019\/01\/RETRATO_OLD_Lorca-tocando-el-piano-200x274.jpg 200w, https:\/\/www.universolorca.com\/wp-content\/uploads\/2019\/01\/RETRATO_OLD_Lorca-tocando-el-piano-330x452.jpg 330w, https:\/\/www.universolorca.com\/wp-content\/uploads\/2019\/01\/RETRATO_OLD_Lorca-tocando-el-piano-274x375.jpg 274w, https:\/\/www.universolorca.com\/wp-content\/uploads\/2019\/01\/RETRATO_OLD_Lorca-tocando-el-piano-328x450.jpg 328w\" sizes=\"(max-width: 800px) 100vw, 800px\" \/><\/a><figcaption class=\"caption wp-caption-text\">Federico Garc\u00eda Lorca playing the piano. \/ Photo: FGL Foundation<\/figcaption><\/figure>\n<p>The meeting with <a href=\"https:\/\/www.universolorca.com\/en\/personaje\/falla-matheu-manuel-de\/\">Manuel de Falla<\/a> in 1920 made him forever a writer totally influenced by music. In addition to his famous piano interpretations of which he left countless testimonies, Federico recorded the album of popular songs with <a href=\"https:\/\/www.universolorca.com\/en\/personaje\/lopez-julvez-encarnacion-la-argentinita\/\">Encarnaci\u00f3n L\u00f3pez J\u00falvez, La Argentinita<\/a>. Lorca took extreme care of the music linked to his literary work.<\/p>\n<p>Popular music through composition or harmonization were an obligatory complement to much of his work, the poetic (there is the <a href=\"https:\/\/www.universolorca.com\/en\/obra-literaria\/libro-de-poemas\/\"><i>Book of Poems<\/i><\/a>, <a href=\"https:\/\/www.universolorca.com\/en\/obra-literaria\/canciones\/\"><i>Songs<\/i><\/a> or <a href=\"https:\/\/www.universolorca.com\/en\/obra-literaria\/suites\/\"><i>Suites<\/i><\/a>) and also the dramatic. There are the choral songs of <a href=\"https:\/\/www.universolorca.com\/en\/obra-literaria\/bodas-de-sangre-tragedia-en-tres-actos-y-siete-cuadros\/\"><i>Blood Wedding<\/i><\/a>, or that of the Washerwomen, the song of the Shepherd and the bacchanal of the pilgrimage of <a href=\"https:\/\/www.universolorca.com\/en\/obra-literaria\/yerma\/\"><i>Yerma<\/i><\/a>, or the couplets of the reapers in <i><a href=\"https:\/\/www.universolorca.com\/en\/obra-literaria\/la-casa-de-bernarda-alba-drama-de-mujeres-en-los-pueblos-de-espana\/\">The House of Bernarda Alba<\/a>.<\/i><\/p>\n","protected":false},"excerpt":{"rendered":"<p>Federico Garc\u00eda Lorca, before publishing his first book in 1918, Impressions and Landscapes, was for his family and acquaintances a promising performer and pianist. Following a family tradition, repeated in [&hellip;]<\/p>\n","protected":false},"author":2,"featured_media":0,"parent":9873,"menu_order":101,"comment_status":"closed","ping_status":"closed","template":"page-obra-musical.php","meta":{"footnotes":""},"class_list":["post-10748","page","type-page","status-publish","hentry"],"_links":{"self":[{"href":"https:\/\/www.universolorca.com\/en\/wp-json\/wp\/v2\/pages\/10748"}],"collection":[{"href":"https:\/\/www.universolorca.com\/en\/wp-json\/wp\/v2\/pages"}],"about":[{"href":"https:\/\/www.universolorca.com\/en\/wp-json\/wp\/v2\/types\/page"}],"author":[{"embeddable":true,"href":"https:\/\/www.universolorca.com\/en\/wp-json\/wp\/v2\/users\/2"}],"replies":[{"embeddable":true,"href":"https:\/\/www.universolorca.com\/en\/wp-json\/wp\/v2\/comments?post=10748"}],"version-history":[{"count":3,"href":"https:\/\/www.universolorca.com\/en\/wp-json\/wp\/v2\/pages\/10748\/revisions"}],"predecessor-version":[{"id":11277,"href":"https:\/\/www.universolorca.com\/en\/wp-json\/wp\/v2\/pages\/10748\/revisions\/11277"}],"up":[{"embeddable":true,"href":"https:\/\/www.universolorca.com\/en\/wp-json\/wp\/v2\/pages\/9873"}],"wp:attachment":[{"href":"https:\/\/www.universolorca.com\/en\/wp-json\/wp\/v2\/media?parent=10748"}],"curies":[{"name":"wp","href":"https:\/\/api.w.org\/{rel}","templated":true}]}}