{"id":10742,"date":"2021-09-20T06:42:01","date_gmt":"2021-09-20T06:42:01","guid":{"rendered":"https:\/\/www.universolorca.com\/biography-of-federico-garcia-lorca\/the-phlegmon-and-the-poem-1907\/"},"modified":"2021-10-25T08:58:36","modified_gmt":"2021-10-25T08:58:36","slug":"the-phlegmon-and-the-poem-1907","status":"publish","type":"page","link":"https:\/\/www.universolorca.com\/en\/biography-of-federico-garcia-lorca\/the-phlegmon-and-the-poem-1907\/","title":{"rendered":"The Phlegmon and the Poem (1907)"},"content":{"rendered":"<p>The first stay at <a href=\"https:\/\/www.universolorca.com\/en\/lugar\/lorcas-family-home-in-valderrubios\/\"> Asquerosa (Disgusting)-Valderrubio <\/a> ended when Federico Garc\u00eda Lorca finished his basic schooling. The parents of the young schoolboy sent him to continue his training in Almer\u00eda on a date impossible to specify. According to an investigation by Juan Jos\u00e9 Ceba, it was around 1907. On the other hand, <a href=\"https:\/\/www.universolorca.com\/en\/personaje\/laffranque-marie\/\"> Marie Laffranque <\/a>, in her chronology , delays it a year. Lorca says in an interview that it was 1905. It is documented that he submitted the application for the high school university entrance examination at the General Technical High School of Almer\u00eda in August 1908 (in the May call, he had not yet reached the age of ten, as required) and, although the family&#8217;s purpose was for him to study there for at least the first year, an illness caused by infected phlegmon that deformed his face forced his them to interrupt the stay and bring him back to Granada, the capital, to where the family moved in 1909. <\/span><\/p>\n<blockquote><p>\nFederico sat his examination on September 21, 1908 at the General Technical High School of Almer\u00eda. The test, which is kept signed by the examinee himself, consisted of a dictation taken from one of the chapters dedicated to the history of Pastora Marcela from <i> Don Quixote <\/i>, a three-digit division and a multiplication. <\/span><\/p>\n<\/blockquote>\n<p>The choice of Almer\u00eda was the result of the transfer to this city in 1903 of his teacher of first letters, <a href=\"https:\/\/www.universolorca.com\/en\/personaje\/rodriguez-espinosa-antonio\/\"> Antonio Rodr\u00edguez Espinosa<\/a> , colleague of <a href=\"https:\/\/www.universolorca.com\/en\/personaje\/lorca-romero-vicenta\/\"> Vicenta Lorca <\/a> in Fuente Vaqueros and a faithful friend of the family. Espinosa, to round off his income, let his house to a small group of students. In some unpublished memoirs dated 1955, the teacher writes: \u201cFederico Garc\u00eda Lorca, the remarkable poet, was only six years old [that is, in 1904] when his father, a close friend of mine and one of the most ingenious and fortunate men I have ever known, took him to Almer\u00eda, where I was a teacher at the Hospicio school \u201d. The dates, however, do not coincide between the different investigations that have tried to reconstruct the passage through Almer\u00eda of young Lorca. <\/span><\/p>\n<p><figure id=\"attachment_4388\" class=\"thumbnail wp-caption aligncenter\" style=\"width: 810px\"><a href=\"https:\/\/www.universolorca.com\/wp-content\/uploads\/2019\/01\/RETRATO_OLD_Lorca-en-su-epoca-de-bachiller.jpg\"><img loading=\"lazy\" decoding=\"async\" class=\"wp-image-10743 size-full\" src=\"https:\/\/www.universolorca.com\/wp-content\/uploads\/2019\/01\/RETRATO_OLD_Lorca-en-su-epoca-de-bachiller.jpg\" alt=\"Federico Garc\u00eda Lorca in his high school years.\" width=\"800\" height=\"1157\" srcset=\"https:\/\/www.universolorca.com\/wp-content\/uploads\/2019\/01\/RETRATO_OLD_Lorca-en-su-epoca-de-bachiller.jpg 800w, https:\/\/www.universolorca.com\/wp-content\/uploads\/2019\/01\/RETRATO_OLD_Lorca-en-su-epoca-de-bachiller-207x300.jpg 207w, https:\/\/www.universolorca.com\/wp-content\/uploads\/2019\/01\/RETRATO_OLD_Lorca-en-su-epoca-de-bachiller-768x1111.jpg 768w, https:\/\/www.universolorca.com\/wp-content\/uploads\/2019\/01\/RETRATO_OLD_Lorca-en-su-epoca-de-bachiller-708x1024.jpg 708w, https:\/\/www.universolorca.com\/wp-content\/uploads\/2019\/01\/RETRATO_OLD_Lorca-en-su-epoca-de-bachiller-194x280.jpg 194w, https:\/\/www.universolorca.com\/wp-content\/uploads\/2019\/01\/RETRATO_OLD_Lorca-en-su-epoca-de-bachiller-330x477.jpg 330w, https:\/\/www.universolorca.com\/wp-content\/uploads\/2019\/01\/RETRATO_OLD_Lorca-en-su-epoca-de-bachiller-259x375.jpg 259w, https:\/\/www.universolorca.com\/wp-content\/uploads\/2019\/01\/RETRATO_OLD_Lorca-en-su-epoca-de-bachiller-311x450.jpg 311w\" sizes=\"(max-width: 800px) 100vw, 800px\" \/><\/a><figcaption class=\"caption wp-caption-text\">Federico Garc\u00eda Lorca in his high school years. \/ Photo: FGL Foundation<\/figcaption><\/figure><br \/>\nFederico himself, in an autobiographical note written in 1928, describes this passage in his life as follows: \u201cAt the age of seven [that is, in 1905] I went to Almer\u00eda, where I was in a Piarist school and where I began to study music. There I took the entrance exam and there I had a disease in the mouth and throat that prevented me from speaking and put me on the verge of death [\u2026]. However, I asked for a mirror and saw my swollen face, and since I couldn&#8217;t speak I wrote my first humorous poem, in which I compared myself to the fat Sultan of Morocco Muley Hafid. \u201d<\/span><\/p>\n<p>The only certainty is that he lived in Almer\u00eda, along with other boys from Vega de Granada, who went there with the same academic purpose. According to Juan Jos\u00e9 Ceba&#8217;s research, Federico first lived in the teacher&#8217;s house on Balmes Street, which was also the school, along with his wife and his four daughters, the oldest born in Fuente Vaqueros. According to the same source, due to the poor condition of the house, the teacher moved with his family to the school in Barrio Alto. Federico remained in Almer\u00eda until the spring of 1909. On May 25, he is transferred from Almer\u00eda to Granada. <\/span><\/p>\n","protected":false},"excerpt":{"rendered":"<p>The first stay at Asquerosa (Disgusting)-Valderrubio ended when Federico Garc\u00eda Lorca finished his basic schooling. The parents of the young schoolboy sent him to continue his training in Almer\u00eda on [&hellip;]<\/p>\n","protected":false},"author":3,"featured_media":0,"parent":10640,"menu_order":46,"comment_status":"closed","ping_status":"closed","template":"page-biografia.php","meta":{"footnotes":""},"class_list":["post-10742","page","type-page","status-publish","hentry"],"_links":{"self":[{"href":"https:\/\/www.universolorca.com\/en\/wp-json\/wp\/v2\/pages\/10742"}],"collection":[{"href":"https:\/\/www.universolorca.com\/en\/wp-json\/wp\/v2\/pages"}],"about":[{"href":"https:\/\/www.universolorca.com\/en\/wp-json\/wp\/v2\/types\/page"}],"author":[{"embeddable":true,"href":"https:\/\/www.universolorca.com\/en\/wp-json\/wp\/v2\/users\/3"}],"replies":[{"embeddable":true,"href":"https:\/\/www.universolorca.com\/en\/wp-json\/wp\/v2\/comments?post=10742"}],"version-history":[{"count":9,"href":"https:\/\/www.universolorca.com\/en\/wp-json\/wp\/v2\/pages\/10742\/revisions"}],"predecessor-version":[{"id":11449,"href":"https:\/\/www.universolorca.com\/en\/wp-json\/wp\/v2\/pages\/10742\/revisions\/11449"}],"up":[{"embeddable":true,"href":"https:\/\/www.universolorca.com\/en\/wp-json\/wp\/v2\/pages\/10640"}],"wp:attachment":[{"href":"https:\/\/www.universolorca.com\/en\/wp-json\/wp\/v2\/media?parent=10742"}],"curies":[{"name":"wp","href":"https:\/\/api.w.org\/{rel}","templated":true}]}}