{"id":10734,"date":"2021-09-20T06:40:21","date_gmt":"2021-09-20T06:40:21","guid":{"rendered":"https:\/\/www.universolorca.com\/biography-of-federico-garcia-lorca\/the-butterflys-short-flight-1920\/"},"modified":"2021-10-08T07:01:53","modified_gmt":"2021-10-08T07:01:53","slug":"the-butterflys-short-flight-1920","status":"publish","type":"page","link":"https:\/\/www.universolorca.com\/en\/biography-of-federico-garcia-lorca\/the-butterflys-short-flight-1920\/","title":{"rendered":"The Butterfly\u2019s Short Flight (1920)"},"content":{"rendered":"<p>In 1920, Federico Garc\u00eda Lorca experienced his dark side. March 22 is perhaps the only black day in his literary life. The premiere at the Eslava Theater in Madrid, within the Art Theater cycle, produced by the playwright and stage manager\u00a0<a href=\"https:\/\/www.universolorca.com\/en\/personaje\/gregorio-martinez-sierra\/\">Gregorio Mart\u00ednez Sierra<\/a>, of the staged fable <a href=\"https:\/\/www.universolorca.com\/en\/obra-literaria\/el-maleficio-de-la-mariposa\/\"><em>The Butterfly\u2019s Evil Spell<\/em><\/a>, hastily written a few months earlier from a misplaced composition that was to be part of the <a href=\"https:\/\/www.universolorca.com\/en\/obra-literaria\/libro-de-poemas\/\"><em>Book of Poems<\/em><\/a>, was a disaster. The predictable public outcry went so far that, at the exit of the theater, according to <a href=\"https:\/\/www.universolorca.com\/en\/personaje\/mora-guarnido-jose\/\">Jos\u00e9 Mora Guarnido<\/a>, there were exchanges of blows between the detractors and the friends Federico had recruited among the rinconcillistas living in Madrid and the fellow students of the Residencia de Estudiantes (Students\u2019 Residence).<\/p>\n<p>The plot was very simple: In a community of cockroaches there are several insects of different character and sensitivity. One of them, Curianito, suffers the contempt of the other members of the group because of his vocation for poetry. One day a dying butterfly with a broken wing lands in the community. The unexpected arrival causes a great commotion. Curianito will end up falling in love with the new tenant who, however, will not be able to reciprocate due to her poor condition.<\/p>\n<figure id=\"attachment_9741\" class=\"thumbnail wp-caption aligncenter\" style=\"width: 1034px\"><a href=\"https:\/\/www.universolorca.com\/wp-content\/uploads\/2018\/12\/La-Argentinita-con-Lorca-y-Alberti.jpg\"><img loading=\"lazy\" decoding=\"async\" class=\"size-full wp-image-9741\" src=\"https:\/\/www.universolorca.com\/wp-content\/uploads\/2018\/12\/La-Argentinita-con-Lorca-y-Alberti.jpg\" alt=\"La Argentinita beside the poets Federico Garc\u00eda Lorca (left) and Rafael Alberti.\" width=\"1024\" height=\"714\" srcset=\"https:\/\/www.universolorca.com\/wp-content\/uploads\/2018\/12\/La-Argentinita-con-Lorca-y-Alberti.jpg 1024w, https:\/\/www.universolorca.com\/wp-content\/uploads\/2018\/12\/La-Argentinita-con-Lorca-y-Alberti-300x209.jpg 300w, https:\/\/www.universolorca.com\/wp-content\/uploads\/2018\/12\/La-Argentinita-con-Lorca-y-Alberti-768x536.jpg 768w, https:\/\/www.universolorca.com\/wp-content\/uploads\/2018\/12\/La-Argentinita-con-Lorca-y-Alberti-200x139.jpg 200w, https:\/\/www.universolorca.com\/wp-content\/uploads\/2018\/12\/La-Argentinita-con-Lorca-y-Alberti-330x230.jpg 330w, https:\/\/www.universolorca.com\/wp-content\/uploads\/2018\/12\/La-Argentinita-con-Lorca-y-Alberti-538x375.jpg 538w\" sizes=\"(max-width: 1024px) 100vw, 1024px\" \/><\/a><figcaption class=\"caption wp-caption-text\">La Argentinita beside the poets Federico Garc\u00eda Lorca (left) and Rafael Alberti.<\/figcaption><\/figure>\n<p>Although the manuscript lacks the calamitous denouement, it can be imagined: The Butterfly dies and Curianito commits suicide. In the apparent insignificance of the plot Lorca hid all his adolescent amorous anxieties: the doubts about his erotic impulses, his fears and the metaphysical gaps that overwhelmed him.<\/p>\n<p>The play only ran for four days and was then forgotten. However, as his friends told him before his intention to suspend the premiere, even failure would bring him benefits, the main one being &#8220;the consecrating hierarchy of the author in a theater as important as the Eslava&#8221;.<\/p>\n<p><em>The Butterfly\u2019s Evil Spell<\/em> led Lorca to meet Mart\u00ednez Sierra, the most important theatrical producer, and the actress <a href=\"https:\/\/www.universolorca.com\/en\/personaje\/barcena-catalina-catalina-lopez-y-perez\/\">Catalina B\u00e1rcena<\/a> who, together with <a href=\"https:\/\/www.universolorca.com\/en\/personaje\/xirgu-subira-margarita\/\">Margarita Xirgu<\/a> and Mar\u00eda Guerrero, composed the most important trio of the first part of the Spanish theater of the twentieth century. And above all <a href=\"https:\/\/www.universolorca.com\/en\/personaje\/lopez-julvez-encarnacion-la-argentinita\/\">Encarnaci\u00f3n L\u00f3pez J\u00falvez, <em>La Argentinita<\/em>,<\/a> with whom he maintained a close friendship and with whom he would record in 1931 the five original discs of the cycle <a href=\"https:\/\/www.universolorca.com\/en\/discografa\/coleccion-de-canciones-populares-espanolas\/\"><em>Spanish Popular Songs<\/em><\/a> and, two years later, he premiered <a href=\"https:\/\/www.universolorca.com\/en\/obra-literaria\/la-romeria-de-los-cornudos\/\"><em>The Pilgrimage of the Cuckolds<\/em><\/a>, a ballet with music by <a href=\"https:\/\/www.universolorca.com\/en\/personaje\/pittaluga-gonzalez-del-campillo-gustavo\/\">Gustavo Pittaluga<\/a>, based on a verbal argument by Lorca.<\/p>\n","protected":false},"excerpt":{"rendered":"<p>In 1920, Federico Garc\u00eda Lorca experienced his dark side. March 22 is perhaps the only black day in his literary life. The premiere at the Eslava Theater in Madrid, within [&hellip;]<\/p>\n","protected":false},"author":3,"featured_media":0,"parent":10640,"menu_order":59,"comment_status":"closed","ping_status":"closed","template":"page-biografia.php","meta":{"footnotes":""},"class_list":["post-10734","page","type-page","status-publish","hentry"],"_links":{"self":[{"href":"https:\/\/www.universolorca.com\/en\/wp-json\/wp\/v2\/pages\/10734"}],"collection":[{"href":"https:\/\/www.universolorca.com\/en\/wp-json\/wp\/v2\/pages"}],"about":[{"href":"https:\/\/www.universolorca.com\/en\/wp-json\/wp\/v2\/types\/page"}],"author":[{"embeddable":true,"href":"https:\/\/www.universolorca.com\/en\/wp-json\/wp\/v2\/users\/3"}],"replies":[{"embeddable":true,"href":"https:\/\/www.universolorca.com\/en\/wp-json\/wp\/v2\/comments?post=10734"}],"version-history":[{"count":4,"href":"https:\/\/www.universolorca.com\/en\/wp-json\/wp\/v2\/pages\/10734\/revisions"}],"predecessor-version":[{"id":11192,"href":"https:\/\/www.universolorca.com\/en\/wp-json\/wp\/v2\/pages\/10734\/revisions\/11192"}],"up":[{"embeddable":true,"href":"https:\/\/www.universolorca.com\/en\/wp-json\/wp\/v2\/pages\/10640"}],"wp:attachment":[{"href":"https:\/\/www.universolorca.com\/en\/wp-json\/wp\/v2\/media?parent=10734"}],"curies":[{"name":"wp","href":"https:\/\/api.w.org\/{rel}","templated":true}]}}