{"id":10731,"date":"2021-09-20T06:39:51","date_gmt":"2021-09-20T06:39:51","guid":{"rendered":"https:\/\/www.universolorca.com\/biography-of-federico-garcia-lorca\/the-great-party-of-27-1927\/"},"modified":"2021-09-20T07:14:38","modified_gmt":"2021-09-20T07:14:38","slug":"the-great-party-of-27-1927","status":"publish","type":"page","link":"https:\/\/www.universolorca.com\/en\/biography-of-federico-garcia-lorca\/the-great-party-of-27-1927\/","title":{"rendered":"The great party of &#8217;27 (1927)"},"content":{"rendered":"<p>The founding meeting of the Generation of &#8217;27 held in Seville in December 1927, under the pretext of the third centenary of the death of G\u00f3ngora, also included an uninhibited celebration and a long hangover. Federico Garc\u00eda Lorca took an active part in the festivities.<\/p>\n<p>The estate of the patron of the gathering, the bullfighter <a href=\"https:\/\/www.universolorca.com\/en\/personaje\/sanchez-mejias-ignacio\/\">Ignacio S\u00e1nchez Mej\u00edas<\/a>, in Pino Montano, was the meeting place. Ignacio paid for a lunch for sixty people at the Real Venta de Antequera (flamenco eggs, fried fish and oxtail) and then invited them to a party &#8220;in style&#8221; at his estate.<\/p>\n<figure id=\"attachment_10076\" class=\"thumbnail wp-caption aligncenter\" style=\"width: 1110px\"><a href=\"https:\/\/www.universolorca.com\/wp-content\/uploads\/2018\/12\/Generacion27_1.jpg\"><img loading=\"lazy\" decoding=\"async\" class=\"size-full wp-image-10076\" src=\"https:\/\/www.universolorca.com\/wp-content\/uploads\/2018\/12\/Generacion27_1.jpg\" alt=\"Celebration of G\u00f3ngora's tercentenary at the Seville Athenaeum in December 1927. From left to right: Rafael Alberti, Federico Garc\u00eda Lorca, Juan Chab\u00e1s, Mauricio Bacarisse, Jos\u00e9 Mar\u00eda Romero Mart\u00ednez (president of the literature section of the Athenaeum), Manuel Blasco Garz\u00f3n (president of the Seville Athenaeum), Jorge Guill\u00e9n, Jos\u00e9 Bergam\u00edn, D\u00e1maso Alonso and Gerardo Diego.\" width=\"1100\" height=\"618\" srcset=\"https:\/\/www.universolorca.com\/wp-content\/uploads\/2018\/12\/Generacion27_1.jpg 1100w, https:\/\/www.universolorca.com\/wp-content\/uploads\/2018\/12\/Generacion27_1-300x169.jpg 300w, https:\/\/www.universolorca.com\/wp-content\/uploads\/2018\/12\/Generacion27_1-768x431.jpg 768w, https:\/\/www.universolorca.com\/wp-content\/uploads\/2018\/12\/Generacion27_1-1024x575.jpg 1024w, https:\/\/www.universolorca.com\/wp-content\/uploads\/2018\/12\/Generacion27_1-200x112.jpg 200w, https:\/\/www.universolorca.com\/wp-content\/uploads\/2018\/12\/Generacion27_1-330x185.jpg 330w, https:\/\/www.universolorca.com\/wp-content\/uploads\/2018\/12\/Generacion27_1-667x375.jpg 667w, https:\/\/www.universolorca.com\/wp-content\/uploads\/2018\/12\/Generacion27_1-690x388.jpg 690w\" sizes=\"(max-width: 1100px) 100vw, 1100px\" \/><\/a><figcaption class=\"caption wp-caption-text\">Celebration of G\u00f3ngora&#8217;s tercentenary at the Seville Athenaeum in December 1927. From left to right: Rafael Alberti, Federico Garc\u00eda Lorca, Juan Chab\u00e1s, Mauricio Bacarisse, Jos\u00e9 Mar\u00eda Romero Mart\u00ednez (president of the literature section of the Athenaeum), Manuel Blasco Garz\u00f3n (president of the Seville Athenaeum), Jorge Guill\u00e9n, Jos\u00e9 Bergam\u00edn, D\u00e1maso Alonso and Gerardo Diego.<\/figcaption><\/figure>\n<p>The guests appeared in Arabic garb and a celebration ensued in which <a href=\"https:\/\/www.universolorca.com\/en\/personaje\/alonso-y-fernandez-de-las-redondas-damaso\/\">D\u00e1maso Alonso<\/a> recited from memory the 1,091 verses of <em>The First Solitude<\/em>; the poet and cattle rancher <a href=\"https:\/\/www.universolorca.com\/en\/personaje\/villalon-daoiz-y-halcon-fernando\/\">Fernando Villal\u00f3n<\/a> tried to hypnotize <a href=\"https:\/\/www.universolorca.com\/en\/personaje\/alberti-merello-rafael\/\">Alberti<\/a>; Garc\u00eda Lorca improvised fragments of plays. Those present participated in a kind of poetic jousting that pitted local poets against those from abroad. <a href=\"https:\/\/www.universolorca.com\/en\/personaje\/romero-murube-joaquin\/\">Joaqu\u00edn Romero Murube<\/a> performed on the side of the Sevillians along with <a href=\"https:\/\/www.universolorca.com\/en\/personaje\/cernuda-bidon-o-bidou-luis\/\">Luis Cernuda<\/a>, Fernando Villal\u00f3n, Adriano del Valle and Rafael Laff\u00f3n. Federico Garc\u00eda Lorca recited a selection of his gypsy ballads. One of those nights they organized, according to <a href=\"https:\/\/www.universolorca.com\/en\/personaje\/diego-cendoya-gerardo\/\">Gerardo Diego<\/a>, &#8220;the heroic and nocturnal crossing of the overflowing Betis&#8221;. As a finale, they performed <a href=\"https:\/\/www.universolorca.com\/en\/personaje\/torre-manuel-manuel-soto-lozano\/\">Manuel Torre, <em>Ni\u00f1o de Jerez<\/em><\/a>, to whom Federico dedicated in 1931 one of the flamenco vignettes of the <a href=\"https:\/\/www.universolorca.com\/en\/obra-literaria\/poema-del-cante-jondo\/\"><em>Poem of the Deep Song<\/em><\/a>.<\/p>\n","protected":false},"excerpt":{"rendered":"<p>The founding meeting of the Generation of &#8217;27 held in Seville in December 1927, under the pretext of the third centenary of the death of G\u00f3ngora, also included an uninhibited [&hellip;]<\/p>\n","protected":false},"author":3,"featured_media":0,"parent":10640,"menu_order":72,"comment_status":"closed","ping_status":"closed","template":"page-biografia.php","meta":{"footnotes":""},"class_list":["post-10731","page","type-page","status-publish","hentry"],"_links":{"self":[{"href":"https:\/\/www.universolorca.com\/en\/wp-json\/wp\/v2\/pages\/10731"}],"collection":[{"href":"https:\/\/www.universolorca.com\/en\/wp-json\/wp\/v2\/pages"}],"about":[{"href":"https:\/\/www.universolorca.com\/en\/wp-json\/wp\/v2\/types\/page"}],"author":[{"embeddable":true,"href":"https:\/\/www.universolorca.com\/en\/wp-json\/wp\/v2\/users\/3"}],"replies":[{"embeddable":true,"href":"https:\/\/www.universolorca.com\/en\/wp-json\/wp\/v2\/comments?post=10731"}],"version-history":[{"count":1,"href":"https:\/\/www.universolorca.com\/en\/wp-json\/wp\/v2\/pages\/10731\/revisions"}],"predecessor-version":[{"id":10820,"href":"https:\/\/www.universolorca.com\/en\/wp-json\/wp\/v2\/pages\/10731\/revisions\/10820"}],"up":[{"embeddable":true,"href":"https:\/\/www.universolorca.com\/en\/wp-json\/wp\/v2\/pages\/10640"}],"wp:attachment":[{"href":"https:\/\/www.universolorca.com\/en\/wp-json\/wp\/v2\/media?parent=10731"}],"curies":[{"name":"wp","href":"https:\/\/api.w.org\/{rel}","templated":true}]}}