{"id":10727,"date":"2021-09-20T06:39:16","date_gmt":"2021-09-20T06:39:16","guid":{"rendered":"https:\/\/www.universolorca.com\/the-deep-song-contest-of-1922\/a-stroll-through-the-generalife\/"},"modified":"2021-10-25T07:48:16","modified_gmt":"2021-10-25T07:48:16","slug":"a-stroll-through-the-generalife","status":"publish","type":"page","link":"https:\/\/www.universolorca.com\/en\/the-flamenco-song-contest-of-1922\/a-stroll-through-the-generalife\/","title":{"rendered":"A stroll through the Generalife"},"content":{"rendered":"<p>If a walk through the Alhambra in the sixteenth century by the poet Juan Bosc\u00e1n and the Venetian ambassador Andrea Navagero meant the entry of the new metric in Spanish poetry, a similar journey, but four centuries later, at the end of December 1921, along the paths of the Generalife, by the musician <a href=\"https:\/\/www.universolorca.com\/en\/personaje\/falla-matheu-manuel-de\/\">Manuel de Falla<\/a> and his friend <a href=\"https:\/\/www.universolorca.com\/en\/personaje\/ceron-rubio-miguel\/\">Miguel Cer\u00f3n<\/a> (Lorca&#8217;s confidant, music lover and witness to the commissioning of <a href=\"https:\/\/www.universolorca.com\/en\/obra-literaria\/el-maleficio-de-la-mariposa\/\"><em>The Butterfly\u2019s Evil Spell<\/em><\/a> in a viewpoint in the gardens of the Alhambra) promoted the organization of the 1st Flamenco Song Contest which was held on June 13 and 14, 1922 in the <a href=\"https:\/\/www.universolorca.com\/en\/lugar\/plaza-de-los-aljibes\/\">Plaza de los Aljibes<\/a> of the Arab monument. The contest, supported by dozens of Spanish and international writers, painters and musicians, although not without controversy before and after, meant the artistic and intellectual recognition of popular music and, in particular, of the &#8220;primitive Andalusian singing&#8221; that in those years barely survived in the memory and the voice of some singers and was in danger of being assimilated to other adulterated manifestations such as the cupl\u00e9.<\/p>\n<figure id=\"attachment_10155\" class=\"thumbnail wp-caption aligncenter\" style=\"width: 477px\"><a href=\"https:\/\/www.universolorca.com\/wp-content\/uploads\/2019\/12\/Miguel-Cer\u00f3n.jpg\"><img loading=\"lazy\" decoding=\"async\" class=\"size-full wp-image-10155\" src=\"https:\/\/www.universolorca.com\/wp-content\/uploads\/2019\/12\/Miguel-Cer\u00f3n.jpg\" alt=\"Organizers of the Flamenco Song Contest.\" width=\"467\" height=\"653\" srcset=\"https:\/\/www.universolorca.com\/wp-content\/uploads\/2019\/12\/Miguel-Cer\u00f3n.jpg 467w, https:\/\/www.universolorca.com\/wp-content\/uploads\/2019\/12\/Miguel-Cer\u00f3n-215x300.jpg 215w, https:\/\/www.universolorca.com\/wp-content\/uploads\/2019\/12\/Miguel-Cer\u00f3n-200x280.jpg 200w, https:\/\/www.universolorca.com\/wp-content\/uploads\/2019\/12\/Miguel-Cer\u00f3n-330x461.jpg 330w, https:\/\/www.universolorca.com\/wp-content\/uploads\/2019\/12\/Miguel-Cer\u00f3n-268x375.jpg 268w\" sizes=\"(max-width: 467px) 100vw, 467px\" \/><\/a><figcaption class=\"caption wp-caption-text\">Organizers of the Flamenco Song Contest.<\/figcaption><\/figure>\n<p>The contest was held at a time when hope and optimism were gaining the upper hand over the ninety-year malaise that had stained Spanish society black. Just a year before the competition, on July 22 and August 9, 1921, the Annual Disaster in the Rif War, in which 11,500 Spanish soldiers lost their lives, had questioned the monarchy of Alfonso XIII, fertilized the military coup of Primo de Rivera and opened the way to the Republic where the new generation of artists and thinkers, many of them linked to the contest, found the form for their avant-garde concerns.<\/p>\n<blockquote><p>The attempts that Falla himself had made to transcribe the essential songs into musical notation had failed.<\/p><\/blockquote>\n<p>The contest began in the Albaic\u00edn, in the tertulias that brought together in the carmen of Alonso Cano, owned by Fernando V\u00edlchez (an &#8220;open book of memories and nostalgia&#8221;, according to Manuel Orozco, and a man of &#8220;a Zuloaga but luminous anatomy&#8221;, according to the portrait of Eduardo Molina Fajardo) to characters such as Manuel de Falla, who had settled in the city in 1920; the guitarist Miguel Jofr\u00e9; the engraver, stage designer and so much more <a href=\"https:\/\/www.universolorca.com\/en\/personaje\/lanz-gonzalez-hermenegildo\/\">Hermenegildo Lanz<\/a>; the painter Ram\u00f3n Carazo; the concert pianist Andr\u00e9s Segovia (when he visited the city); the professor <a href=\"https:\/\/www.universolorca.com\/en\/personaje\/de-los-rios-urruti-fernando\/\">Fernando de los R\u00edos<\/a> and Federico Garc\u00eda Lorca, one of the latest additions. In those meetings Falla lamented that &#8220;flamenco&#8221; was adulterating the essence of deep song. &#8220;But at the same time that we assign it such a high value, Spanish vulgarity turns away from it with contempt as if it were something sinful and poisoned,&#8221; he added. Forgetfulness and contempt, when allied, the musician suspected, were capable of eating away at the main beams that supported the true song.<\/p>\n<p>Falla, like other European composers, considered the catalog of rhythms and sounds exhausted. Just as the Hungarians B\u00e9la Bart\u00f3k and Zolt\u00e1n Kod\u00e1ly sought inspiration in the ancient styles that survived in popular music, Falla was convinced that he should focus on deep song. But what was authentic about it?<\/p>\n<figure id=\"attachment_8173\" class=\"thumbnail wp-caption aligncenter\" style=\"width: 952px\"><a href=\"https:\/\/www.universolorca.com\/wp-content\/uploads\/2019\/01\/G06-Centro-Art\u00edstico-Almona-del-Campillo-2-GR_U4T0486-F.-Juan-A.-Mart\u00edn-Jaimez-_.jpg\"><img loading=\"lazy\" decoding=\"async\" class=\"size-full wp-image-8173\" src=\"https:\/\/www.universolorca.com\/wp-content\/uploads\/2019\/01\/G06-Centro-Art\u00edstico-Almona-del-Campillo-2-GR_U4T0486-F.-Juan-A.-Mart\u00edn-Jaimez-_.jpg\" alt=\"Minutes of the Organizing Board of the First Flamenco Song Contest. Among the members is Federico Garc\u00eda Lorca.\" width=\"942\" height=\"1200\" srcset=\"https:\/\/www.universolorca.com\/wp-content\/uploads\/2019\/01\/G06-Centro-Art\u00edstico-Almona-del-Campillo-2-GR_U4T0486-F.-Juan-A.-Mart\u00edn-Jaimez-_.jpg 942w, https:\/\/www.universolorca.com\/wp-content\/uploads\/2019\/01\/G06-Centro-Art\u00edstico-Almona-del-Campillo-2-GR_U4T0486-F.-Juan-A.-Mart\u00edn-Jaimez-_-236x300.jpg 236w, https:\/\/www.universolorca.com\/wp-content\/uploads\/2019\/01\/G06-Centro-Art\u00edstico-Almona-del-Campillo-2-GR_U4T0486-F.-Juan-A.-Mart\u00edn-Jaimez-_-768x978.jpg 768w, https:\/\/www.universolorca.com\/wp-content\/uploads\/2019\/01\/G06-Centro-Art\u00edstico-Almona-del-Campillo-2-GR_U4T0486-F.-Juan-A.-Mart\u00edn-Jaimez-_-804x1024.jpg 804w, https:\/\/www.universolorca.com\/wp-content\/uploads\/2019\/01\/G06-Centro-Art\u00edstico-Almona-del-Campillo-2-GR_U4T0486-F.-Juan-A.-Mart\u00edn-Jaimez-_-200x255.jpg 200w, https:\/\/www.universolorca.com\/wp-content\/uploads\/2019\/01\/G06-Centro-Art\u00edstico-Almona-del-Campillo-2-GR_U4T0486-F.-Juan-A.-Mart\u00edn-Jaimez-_-330x420.jpg 330w, https:\/\/www.universolorca.com\/wp-content\/uploads\/2019\/01\/G06-Centro-Art\u00edstico-Almona-del-Campillo-2-GR_U4T0486-F.-Juan-A.-Mart\u00edn-Jaimez-_-294x375.jpg 294w, https:\/\/www.universolorca.com\/wp-content\/uploads\/2019\/01\/G06-Centro-Art\u00edstico-Almona-del-Campillo-2-GR_U4T0486-F.-Juan-A.-Mart\u00edn-Jaimez-_-353x450.jpg 353w\" sizes=\"(max-width: 942px) 100vw, 942px\" \/><\/a><figcaption class=\"caption wp-caption-text\">Minutes of the Organizing Board of the First Flamenco Song Contest. Among the members is Federico Garc\u00eda Lorca.<\/figcaption><\/figure>\n<p>The old songs depended on the fragility of the memory of a few singers scattered throughout Andalusia who treasured in their heads and throats those &#8220;black sounds&#8221; that interested him. Falla&#8217;s own attempts to transcribe the essential songs into musical notation had failed. &#8220;Technically it is impossible to make the notation [&#8230;] and therefore they cannot be filed in any document,&#8221; lamented Falla.<\/p>\n<p>It was necessary to save that song, &#8220;tinged by the mysterious color of the first ages&#8221;, a &#8220;babbling&#8221;, just a wonderful &#8220;mouth undulation that breaks the sound cells of our tempered scale and that does not fit in the rigid and cold pentagram of our current music&#8221;, as Lorca himself explained in the lecture he gave on February 19. Not all the songs were of value, only the substantial ones: seguiriyas gitanas, polos, ca\u00f1as, soleares, ton\u00e1s&#8230;, or rather, the authentic songs and not the ones corrupted by the tavern flamenco and the intemperate jip\u00edo.<\/p>\n<blockquote><p>For Jos\u00e9 Mora Guarnido, Falla did not organize a contest, but &#8220;an artistic crusade for the salvation [&#8230;] of a rich source of natural and popular music&#8221;.<\/p><\/blockquote>\n<p>But let&#8217;s go back to the Generalife, to that morning in December 1921 when Falla and Miguel Cer\u00f3n not only decided to organize the contest but to start it immediately, perhaps sensing the obstacles, the controversies and the inevitable clashes that were to follow.<\/p>\n","protected":false},"excerpt":{"rendered":"<p>If a walk through the Alhambra in the sixteenth century by the poet Juan Bosc\u00e1n and the Venetian ambassador Andrea Navagero meant the entry of the new metric in Spanish [&hellip;]<\/p>\n","protected":false},"author":3,"featured_media":0,"parent":9557,"menu_order":4,"comment_status":"closed","ping_status":"closed","template":"page-cantejondo.php","meta":{"footnotes":""},"class_list":["post-10727","page","type-page","status-publish","hentry"],"_links":{"self":[{"href":"https:\/\/www.universolorca.com\/en\/wp-json\/wp\/v2\/pages\/10727"}],"collection":[{"href":"https:\/\/www.universolorca.com\/en\/wp-json\/wp\/v2\/pages"}],"about":[{"href":"https:\/\/www.universolorca.com\/en\/wp-json\/wp\/v2\/types\/page"}],"author":[{"embeddable":true,"href":"https:\/\/www.universolorca.com\/en\/wp-json\/wp\/v2\/users\/3"}],"replies":[{"embeddable":true,"href":"https:\/\/www.universolorca.com\/en\/wp-json\/wp\/v2\/comments?post=10727"}],"version-history":[{"count":5,"href":"https:\/\/www.universolorca.com\/en\/wp-json\/wp\/v2\/pages\/10727\/revisions"}],"predecessor-version":[{"id":11433,"href":"https:\/\/www.universolorca.com\/en\/wp-json\/wp\/v2\/pages\/10727\/revisions\/11433"}],"up":[{"embeddable":true,"href":"https:\/\/www.universolorca.com\/en\/wp-json\/wp\/v2\/pages\/9557"}],"wp:attachment":[{"href":"https:\/\/www.universolorca.com\/en\/wp-json\/wp\/v2\/media?parent=10727"}],"curies":[{"name":"wp","href":"https:\/\/api.w.org\/{rel}","templated":true}]}}