{"id":10721,"date":"2021-09-20T06:38:50","date_gmt":"2021-09-20T06:38:50","guid":{"rendered":"https:\/\/www.universolorca.com\/the-deep-song-contest-of-1922\/the-adhesion-of-zuloaga\/"},"modified":"2021-10-25T07:52:00","modified_gmt":"2021-10-25T07:52:00","slug":"the-adhesion-of-zuloaga","status":"publish","type":"page","link":"https:\/\/www.universolorca.com\/en\/the-flamenco-song-contest-of-1922\/the-adhesion-of-zuloaga\/","title":{"rendered":"The Adhesion of Zuloaga"},"content":{"rendered":"<p>In order to prevent the Flamenco Song Contest from being reduced to a localist attempt,<a href=\"https:\/\/www.universolorca.com\/en\/personaje\/falla-matheu-manuel-de\/\"> Manuel de Falla<\/a> decided to convince and mobilize his friends, most of them creators living in other provinces or abroad. Musicians such as Falla himself, Enrique Fern\u00e1ndez Arb\u00f3s, Conrado del Campo, Joaqu\u00edn Turina, \u00d3scar Espl\u00e1 and the musicologist Adolfo Salazar, and artists and intellectuals of the stature of Fernando Vela, <a href=\"https:\/\/www.universolorca.com\/en\/personaje\/jimenez-mantecon-juan-ramon\/\">Juan Ram\u00f3n Jim\u00e9nez<\/a>, Alfonso Reyes or Ram\u00f3n P\u00e9rez de Ayala signed the petition for help to the City Council. There is no request in the administrative history of the Granada City Council more artistically accredited than this one.<\/p>\n<p>However, the first person Falla turned to was the Basque painter <a href=\"https:\/\/www.universolorca.com\/en\/personaje\/zuloaga-zabaleta-ignacio\/\">Ignacio Zuloaga<\/a>, with whom he maintained a fruitful friendship and whom he considered the appropriate person to design the plastic arts complement necessary to enhance the contest.\u00a0 &#8220;Would you be so kind as to send me [&#8230;] your support for the purposes of this request? [&#8230;] Would you have any inconvenience in coming for that time &#8230; and take charge of everything related to the decoration of the place &#8230;, allowing us to use your name?&#8221; asked Falla, who even suggested using antique mirrors for the stage design, crystal chandeliers, church lamps and shawls from the Alpujarras.<\/p>\n<figure id=\"attachment_6725\" class=\"thumbnail wp-caption aligncenter\" style=\"width: 1607px\"><a href=\"https:\/\/www.universolorca.com\/wp-content\/uploads\/2020\/11\/Primera-p\u00e1gina-manuscrita-del-art\u00edculo-del-Falla-sobre-el-Cante.jpg\"><img loading=\"lazy\" decoding=\"async\" class=\"size-full wp-image-10722\" src=\"https:\/\/www.universolorca.com\/wp-content\/uploads\/2020\/11\/Primera-p\u00e1gina-manuscrita-del-art\u00edculo-del-Falla-sobre-el-Cante.jpg\" alt=\"First handwritten page of Manuel de Falla\u2019s article on the Deep Song.\" width=\"1597\" height=\"2038\" srcset=\"https:\/\/www.universolorca.com\/wp-content\/uploads\/2020\/11\/Primera-p\u00e1gina-manuscrita-del-art\u00edculo-del-Falla-sobre-el-Cante.jpg 1597w, https:\/\/www.universolorca.com\/wp-content\/uploads\/2020\/11\/Primera-p\u00e1gina-manuscrita-del-art\u00edculo-del-Falla-sobre-el-Cante-235x300.jpg 235w, https:\/\/www.universolorca.com\/wp-content\/uploads\/2020\/11\/Primera-p\u00e1gina-manuscrita-del-art\u00edculo-del-Falla-sobre-el-Cante-768x980.jpg 768w, https:\/\/www.universolorca.com\/wp-content\/uploads\/2020\/11\/Primera-p\u00e1gina-manuscrita-del-art\u00edculo-del-Falla-sobre-el-Cante-802x1024.jpg 802w, https:\/\/www.universolorca.com\/wp-content\/uploads\/2020\/11\/Primera-p\u00e1gina-manuscrita-del-art\u00edculo-del-Falla-sobre-el-Cante-200x255.jpg 200w, https:\/\/www.universolorca.com\/wp-content\/uploads\/2020\/11\/Primera-p\u00e1gina-manuscrita-del-art\u00edculo-del-Falla-sobre-el-Cante-330x421.jpg 330w, https:\/\/www.universolorca.com\/wp-content\/uploads\/2020\/11\/Primera-p\u00e1gina-manuscrita-del-art\u00edculo-del-Falla-sobre-el-Cante-294x375.jpg 294w\" sizes=\"(max-width: 1597px) 100vw, 1597px\" \/><\/a><figcaption class=\"caption wp-caption-text\">First handwritten page of Manuel de Falla\u2019s article on the Deep Song.<\/figcaption><\/figure>\n<p>In order to be up to the task, Zuloaga sent a telegram in Spanish with a touch of cal\u00f3 (gypsy language): &#8220;Always a fine enthusiast of deep song and music, chanelo and endiquelo that is sufficient [&#8230;].\u00a0 I will give a prize of one thousand pesetas to the best gypsy seguiriya that is sung&#8221;. The answer, attributed to Federico Garc\u00eda Lorca, but signed by all the cooperators of the contest (Falla, V\u00edlchez, Fernando Giner de los R\u00edos, Jofr\u00e9&#8230;) followed the joke: &#8220;Maestro: your epic telegram, full of jocundity, has cheered the most intimate part of our faint-hearted garlochin&#8221;.<\/p>\n<p>Zuloaga&#8217;s good disposition was sincere, so much so that he himself proposed to exhibit &#8220;12 or 15 paintings&#8221; coinciding with the contest and the Corpus Christi festivities with the &#8220;sole purpose of proving his companionship to the artists of Granada&#8221;.<\/p>\n","protected":false},"excerpt":{"rendered":"<p>In order to prevent the Flamenco Song Contest from being reduced to a localist attempt, Manuel de Falla decided to convince and mobilize his friends, most of them creators living [&hellip;]<\/p>\n","protected":false},"author":3,"featured_media":0,"parent":9557,"menu_order":7,"comment_status":"closed","ping_status":"closed","template":"page-cantejondo.php","meta":{"footnotes":""},"class_list":["post-10721","page","type-page","status-publish","hentry"],"_links":{"self":[{"href":"https:\/\/www.universolorca.com\/en\/wp-json\/wp\/v2\/pages\/10721"}],"collection":[{"href":"https:\/\/www.universolorca.com\/en\/wp-json\/wp\/v2\/pages"}],"about":[{"href":"https:\/\/www.universolorca.com\/en\/wp-json\/wp\/v2\/types\/page"}],"author":[{"embeddable":true,"href":"https:\/\/www.universolorca.com\/en\/wp-json\/wp\/v2\/users\/3"}],"replies":[{"embeddable":true,"href":"https:\/\/www.universolorca.com\/en\/wp-json\/wp\/v2\/comments?post=10721"}],"version-history":[{"count":4,"href":"https:\/\/www.universolorca.com\/en\/wp-json\/wp\/v2\/pages\/10721\/revisions"}],"predecessor-version":[{"id":11435,"href":"https:\/\/www.universolorca.com\/en\/wp-json\/wp\/v2\/pages\/10721\/revisions\/11435"}],"up":[{"embeddable":true,"href":"https:\/\/www.universolorca.com\/en\/wp-json\/wp\/v2\/pages\/9557"}],"wp:attachment":[{"href":"https:\/\/www.universolorca.com\/en\/wp-json\/wp\/v2\/media?parent=10721"}],"curies":[{"name":"wp","href":"https:\/\/api.w.org\/{rel}","templated":true}]}}