{"id":10712,"date":"2021-09-20T06:38:18","date_gmt":"2021-09-20T06:38:18","guid":{"rendered":"https:\/\/www.universolorca.com\/the-deep-song-contest-of-1922\/the-poster-and-the-prizes\/"},"modified":"2021-10-25T07:52:51","modified_gmt":"2021-10-25T07:52:51","slug":"the-poster-and-the-prizes","status":"publish","type":"page","link":"https:\/\/www.universolorca.com\/en\/the-flamenco-song-contest-of-1922\/the-poster-and-the-prizes\/","title":{"rendered":"The Poster and the Prizes"},"content":{"rendered":"<p><a href=\"https:\/\/www.universolorca.com\/en\/personaje\/falla-matheu-manuel-de\/\">Manuel de Falla<\/a> proposed to <a href=\"https:\/\/www.universolorca.com\/en\/personaje\/zuloaga-zabaleta-ignacio\/\">Zuloaga<\/a> that he should make the poster for the Flamenco Song Contest, but the painter, who was in Paris and had family problems, referred it to Jos\u00e9 Mar\u00eda Rodr\u00edguez-Acosta. In the end the responsibility fell on <a href=\"https:\/\/www.universolorca.com\/en\/personaje\/angeles-ortiz-manuel\/\">Manuel \u00c1ngeles Ortiz<\/a> who, together with <a href=\"https:\/\/www.universolorca.com\/en\/personaje\/lanz-gonzalez-hermenegildo\/\">Hermenegildo Lanz<\/a>, was in charge of some preparatory aspects. The poster brought another controversy. Manuel \u00c1ngeles devised a motley cubist ensemble -which advanced his predilection for Picasso- that intermingled deep symbols -a heart with an eye in the center pierced by seven daggers, stars and moons, guitars and pentagrams, glasses, bottles, fans and two names of songs, sole\u00e1 and seguiriya- that left many astonished. The poster also kept a mystery: next to the intertwined M and A of the signature, there is a prominent L that, according to some interpretations, corresponds to Lanz, who somehow contributed to the final design. In fact, there is a note from Lanz addressed to Falla in which he announces that Manuel \u00c1ngeles and he were going to &#8220;finish the poster&#8221; which was printed on orange paper at the Urania Printing House.<\/p>\n<blockquote><p>The songs had to conform to the strict requirements imposed by Falla: to avoid the <em>abusive flourishes<\/em> of the songs and any imitation of the &#8220;theatrical or concert&#8221; style. On the other hand, it was not to be a reason for discouragement if at some point the singer went off-key.<\/p><\/blockquote>\n<p>The cubist poster provoked more than a few jokes. Federico Garc\u00eda Lorca, in the lecture <em>Architecture of the deep song<\/em> (1933) recalls that when it was hung there were people who placed other posters with the legend &#8220;schools, schools and schools, as if man lived only on bread and alphabet and as if that song was not the most refined expression of an old universal culture&#8221;.<\/p>\n<figure id=\"attachment_7689\" class=\"thumbnail wp-caption aligncenter\" style=\"width: 810px\"><a href=\"https:\/\/www.universolorca.com\/wp-content\/uploads\/2019\/01\/G21_OLD_Cartel-Concuro-Cante-Jondo.jpg\"><img loading=\"lazy\" decoding=\"async\" class=\"size-full wp-image-7689\" src=\"https:\/\/www.universolorca.com\/wp-content\/uploads\/2019\/01\/G21_OLD_Cartel-Concuro-Cante-Jondo.jpg\" alt=\"Poster of the Flamenco Song Contest jointly elaborated by Manuel \u00c1ngeles Ortiz and Hermenegildo Lanz. It shows the venue initially planned, San Nicol\u00e1s Square.\" width=\"800\" height=\"600\" srcset=\"https:\/\/www.universolorca.com\/wp-content\/uploads\/2019\/01\/G21_OLD_Cartel-Concuro-Cante-Jondo.jpg 800w, https:\/\/www.universolorca.com\/wp-content\/uploads\/2019\/01\/G21_OLD_Cartel-Concuro-Cante-Jondo-300x225.jpg 300w, https:\/\/www.universolorca.com\/wp-content\/uploads\/2019\/01\/G21_OLD_Cartel-Concuro-Cante-Jondo-768x576.jpg 768w, https:\/\/www.universolorca.com\/wp-content\/uploads\/2019\/01\/G21_OLD_Cartel-Concuro-Cante-Jondo-200x150.jpg 200w, https:\/\/www.universolorca.com\/wp-content\/uploads\/2019\/01\/G21_OLD_Cartel-Concuro-Cante-Jondo-330x248.jpg 330w, https:\/\/www.universolorca.com\/wp-content\/uploads\/2019\/01\/G21_OLD_Cartel-Concuro-Cante-Jondo-500x375.jpg 500w, https:\/\/www.universolorca.com\/wp-content\/uploads\/2019\/01\/G21_OLD_Cartel-Concuro-Cante-Jondo-600x450.jpg 600w\" sizes=\"(max-width: 800px) 100vw, 800px\" \/><\/a><figcaption class=\"caption wp-caption-text\">Poster of the Flamenco Song Contest jointly elaborated by Manuel \u00c1ngeles Ortiz and Hermenegildo Lanz. It shows the venue initially planned, San Nicol\u00e1s Square.<\/figcaption><\/figure>\n<p>The rules of the contest, which were presented on April 6, established 8,500 pesetas in prizes: one of honor of one thousand pesetas, which was declared void; and two others of equal amounts contributed by Zuloaga to the best seguiriya and by Rodr\u00edguez-Acosta to the best guitarist. In addition, there were two other prizes of one thousand pesetas, four second prizes of 500 pesetas, several third prizes and a travel allowance of 300 pesetas for the other participants. The songs had to conform to the strict requirements imposed by Falla: avoid abusive <em>flourishing<\/em> of the songs and any imitation of the &#8220;theatrical or concert&#8221; style. On the other hand, it was not to be a reason for discouragement if at some point the singer went out of tune.<\/p>\n<p><span style=\"font-size: 16px;\">But the most controversial requirement, so much so that it is still considered by scholars to be the mistake that reduced the scope of the festival, was the exclusion of professionals &#8220;over 21 years of age&#8221;. By professionals, that meant singers &#8220;hired or paid by entertainment companies and individuals&#8221;. This requirement meant the elimination of numerous voices that would have enriched the contest. The professionals, however, could send their disciples.<\/span><\/p>\n<blockquote><p>But the most disputed requirement, so much so that it is still considered by scholars to be the mistake that reduced the scope of the festival, was the exclusion of professionals &#8220;over 21 years of age&#8221;.<\/p><\/blockquote>\n<p>This requirement was not understood and there were retorts and protests. Amateurs who sing well, the critics argued, accept contracts, then they are professionals, and the correlation between master and disciple did not depend so much on the accuracy of the teaching as on the vocal characteristics of each singer.<\/p>\n<figure id=\"attachment_6732\" class=\"thumbnail wp-caption aligncenter\" style=\"width: 1576px\"><a href=\"https:\/\/www.universolorca.com\/wp-content\/uploads\/2020\/11\/Folleto-con-las-bases-del-concurso-de-Cante-Jondo.jpg\"><img loading=\"lazy\" decoding=\"async\" class=\"size-full wp-image-10713\" src=\"https:\/\/www.universolorca.com\/wp-content\/uploads\/2020\/11\/Folleto-con-las-bases-del-concurso-de-Cante-Jondo.jpg\" alt=\"Leaflet with the rules of the Flamenco Song Contest\" width=\"1566\" height=\"2462\" srcset=\"https:\/\/www.universolorca.com\/wp-content\/uploads\/2020\/11\/Folleto-con-las-bases-del-concurso-de-Cante-Jondo.jpg 1566w, https:\/\/www.universolorca.com\/wp-content\/uploads\/2020\/11\/Folleto-con-las-bases-del-concurso-de-Cante-Jondo-191x300.jpg 191w, https:\/\/www.universolorca.com\/wp-content\/uploads\/2020\/11\/Folleto-con-las-bases-del-concurso-de-Cante-Jondo-768x1207.jpg 768w, https:\/\/www.universolorca.com\/wp-content\/uploads\/2020\/11\/Folleto-con-las-bases-del-concurso-de-Cante-Jondo-651x1024.jpg 651w, https:\/\/www.universolorca.com\/wp-content\/uploads\/2020\/11\/Folleto-con-las-bases-del-concurso-de-Cante-Jondo-178x280.jpg 178w, https:\/\/www.universolorca.com\/wp-content\/uploads\/2020\/11\/Folleto-con-las-bases-del-concurso-de-Cante-Jondo-330x519.jpg 330w, https:\/\/www.universolorca.com\/wp-content\/uploads\/2020\/11\/Folleto-con-las-bases-del-concurso-de-Cante-Jondo-239x375.jpg 239w\" sizes=\"(max-width: 1566px) 100vw, 1566px\" \/><\/a><figcaption class=\"caption wp-caption-text\">Leaflet with the rules of the Flamenco Song Contest<\/figcaption><\/figure>\n<p>In Seville, moreover, they added another drawback: removing the singing and dancing from its original environment (house, cave, caf\u00e9) and transporting it to a stage diminished its authenticity. &#8220;Every spring, Seville, without a saetas contest, can offer tasty samples of the primitive deep song and not do <em>panderetismo (gross music)<\/em>&#8220;, wrote the critic Rodrigo de Le\u00f3n angrily. There <a href=\"https:\/\/www.universolorca.com\/en\/personaje\/mora-guarnido-jose\/\">Mora Guarnido<\/a> disagreed because he considered that the saeta had also suffered &#8220;degenerative influences&#8221;. The promoters of Granada found an unexpected ally in a 25-year-old journalist who later achieved national recognition: Manuel Chaves Nogales. The future author of <em>Juan Belmonte, a bullfighter, <\/em> called &#8220;dopes&#8221; those who opposed the effort initiated in Granada to save the &#8220;deep song&#8221; from disappearing.<\/p>\n","protected":false},"excerpt":{"rendered":"<p>Manuel de Falla proposed to Zuloaga that he should make the poster for the Flamenco Song Contest, but the painter, who was in Paris and had family problems, referred it [&hellip;]<\/p>\n","protected":false},"author":3,"featured_media":0,"parent":9557,"menu_order":13,"comment_status":"closed","ping_status":"closed","template":"page-cantejondo.php","meta":{"footnotes":""},"class_list":["post-10712","page","type-page","status-publish","hentry"],"_links":{"self":[{"href":"https:\/\/www.universolorca.com\/en\/wp-json\/wp\/v2\/pages\/10712"}],"collection":[{"href":"https:\/\/www.universolorca.com\/en\/wp-json\/wp\/v2\/pages"}],"about":[{"href":"https:\/\/www.universolorca.com\/en\/wp-json\/wp\/v2\/types\/page"}],"author":[{"embeddable":true,"href":"https:\/\/www.universolorca.com\/en\/wp-json\/wp\/v2\/users\/3"}],"replies":[{"embeddable":true,"href":"https:\/\/www.universolorca.com\/en\/wp-json\/wp\/v2\/comments?post=10712"}],"version-history":[{"count":3,"href":"https:\/\/www.universolorca.com\/en\/wp-json\/wp\/v2\/pages\/10712\/revisions"}],"predecessor-version":[{"id":11438,"href":"https:\/\/www.universolorca.com\/en\/wp-json\/wp\/v2\/pages\/10712\/revisions\/11438"}],"up":[{"embeddable":true,"href":"https:\/\/www.universolorca.com\/en\/wp-json\/wp\/v2\/pages\/9557"}],"wp:attachment":[{"href":"https:\/\/www.universolorca.com\/en\/wp-json\/wp\/v2\/media?parent=10712"}],"curies":[{"name":"wp","href":"https:\/\/api.w.org\/{rel}","templated":true}]}}