{"id":10681,"date":"2021-09-20T06:36:38","date_gmt":"2021-09-20T06:36:38","guid":{"rendered":"https:\/\/www.universolorca.com\/the-deep-song-contest-of-1922\/aljibes-prizes-and-hangovers\/"},"modified":"2021-10-25T07:55:29","modified_gmt":"2021-10-25T07:55:29","slug":"aljibes-prizes-and-hangovers","status":"publish","type":"page","link":"https:\/\/www.universolorca.com\/en\/the-flamenco-song-contest-of-1922\/aljibes-prizes-and-hangovers\/","title":{"rendered":"Cisterns, prizes and remakes"},"content":{"rendered":"<p>Contrary to the opinion of defeatists like Valladar, the square resisted. Federico Garc\u00eda Lorca himself wrote: &#8220;Fortunately the cistern did not sink and it was a party with moon and rain [&#8230;]. Now I remember as if in a dream (why so far away?) the formidable Macarrona and the old singer from Puente Genil, the cornerstone of Cante jondo. RAM\u00d3N, the wonderful chronicler of El Pombo, said that the only thing missing from the festivities was the absence of the best singer who is currently serving a life sentence in the Oca\u00f1a prison&#8221;.<\/p>\n<p>The jury of the Flamenco Song Contest met the next day and decided to award the Zuloaga prize of one thousand pesetas to <a href=\"https:\/\/www.universolorca.com\/en\/personaje\/diego-el-tenazas-diego-bermudez-cala\/\">Diego El Tenazas<\/a>; another of the same amount to <a href=\"https:\/\/www.universolorca.com\/en\/personaje\/caracol-manolo-manuel-ortega-juarez\/\">Manolo Caracol<\/a>; three of 500 to the girl Carmen Salinas, to <a href=\"https:\/\/www.universolorca.com\/en\/personaje\/yerbabuena-frasquito-francisco-galvez-gomez\/\">Frasquito Yerbabuena<\/a> and to Jos\u00e9 Soler, from Linares. The 300 &#8220;to Miss Gazpacha&#8221; and the 125 to the girls Concha Sierra and La Goyita. The guitar prize of 500 pesetas went to Jos\u00e9 Cu\u00e9llar and the 250 to Ni\u00f1o de Huelva. La Macarrona, the <a href=\"https:\/\/www.universolorca.com\/en\/personaje\/torre-manuel-manuel-soto-lozano\/\">Ni\u00f1o de Jerez<\/a> and other artists collected their contracts.<\/p>\n<figure id=\"attachment_6757\" class=\"thumbnail wp-caption aligncenter\" style=\"width: 1554px\"><a href=\"https:\/\/www.universolorca.com\/wp-content\/uploads\/2020\/11\/Cantes-admitidos-y-prohibici\u00f3n-para-los-cantaores-profesionales.jpg\"><img loading=\"lazy\" decoding=\"async\" class=\"size-full wp-image-10682\" src=\"https:\/\/www.universolorca.com\/wp-content\/uploads\/2020\/11\/Cantes-admitidos-y-prohibici\u00f3n-para-los-cantaores-profesionales.jpg\" alt=\"Songs admitted but professional singers forbidden.\" width=\"1544\" height=\"2447\" srcset=\"https:\/\/www.universolorca.com\/wp-content\/uploads\/2020\/11\/Cantes-admitidos-y-prohibici\u00f3n-para-los-cantaores-profesionales.jpg 1544w, https:\/\/www.universolorca.com\/wp-content\/uploads\/2020\/11\/Cantes-admitidos-y-prohibici\u00f3n-para-los-cantaores-profesionales-189x300.jpg 189w, https:\/\/www.universolorca.com\/wp-content\/uploads\/2020\/11\/Cantes-admitidos-y-prohibici\u00f3n-para-los-cantaores-profesionales-768x1217.jpg 768w, https:\/\/www.universolorca.com\/wp-content\/uploads\/2020\/11\/Cantes-admitidos-y-prohibici\u00f3n-para-los-cantaores-profesionales-646x1024.jpg 646w, https:\/\/www.universolorca.com\/wp-content\/uploads\/2020\/11\/Cantes-admitidos-y-prohibici\u00f3n-para-los-cantaores-profesionales-177x280.jpg 177w, https:\/\/www.universolorca.com\/wp-content\/uploads\/2020\/11\/Cantes-admitidos-y-prohibici\u00f3n-para-los-cantaores-profesionales-330x523.jpg 330w, https:\/\/www.universolorca.com\/wp-content\/uploads\/2020\/11\/Cantes-admitidos-y-prohibici\u00f3n-para-los-cantaores-profesionales-237x375.jpg 237w\" sizes=\"(max-width: 1544px) 100vw, 1544px\" \/><\/a><figcaption class=\"caption wp-caption-text\">Songs admitted but professional singers forbidden.<\/figcaption><\/figure>\n<p>From there began an eternal undertow of reflections, praise and controversy that still lasts. On June 28, in <em>La Voz<\/em>, <a href=\"https:\/\/www.universolorca.com\/en\/personaje\/chacon-garcia-antonio\/\">Chac\u00f3n<\/a>, interviewed by <a href=\"https:\/\/www.universolorca.com\/en\/personaje\/bagaria-i-bou-luis\/\">Luis Bagar\u00eda<\/a>, declared: &#8220;You will not deny that it is also a great sadness that such illustrious artists have to come to give us a hand and lift us up from the decline into which we have fallen. It is sad that we alone couldn\u2019t lift ourselves up. Every day I can explain less and less [&#8230;] why the memory of the famous seguiriyas (form of flamenco music in the seep song category) of Curro Dulce and, in general, all the songs of Silverio Franconetti have been lost, except for the fear of not being able to overcome the great difficulties they had&#8221;.<\/p>\n<figure id=\"attachment_6758\" class=\"thumbnail wp-caption aligncenter\" style=\"width: 1417px\"><a href=\"https:\/\/www.universolorca.com\/wp-content\/uploads\/2020\/11\/Premios-del-concurso-de-Cante-Jondo..jpg\"><img loading=\"lazy\" decoding=\"async\" class=\"size-full wp-image-10684\" src=\"https:\/\/www.universolorca.com\/wp-content\/uploads\/2020\/11\/Premios-del-concurso-de-Cante-Jondo..jpg\" alt=\"Prizes of the Flamenco Song Contest.\" width=\"1407\" height=\"2439\" srcset=\"https:\/\/www.universolorca.com\/wp-content\/uploads\/2020\/11\/Premios-del-concurso-de-Cante-Jondo..jpg 1407w, https:\/\/www.universolorca.com\/wp-content\/uploads\/2020\/11\/Premios-del-concurso-de-Cante-Jondo.-173x300.jpg 173w, https:\/\/www.universolorca.com\/wp-content\/uploads\/2020\/11\/Premios-del-concurso-de-Cante-Jondo.-768x1331.jpg 768w, https:\/\/www.universolorca.com\/wp-content\/uploads\/2020\/11\/Premios-del-concurso-de-Cante-Jondo.-591x1024.jpg 591w, https:\/\/www.universolorca.com\/wp-content\/uploads\/2020\/11\/Premios-del-concurso-de-Cante-Jondo.-162x280.jpg 162w, https:\/\/www.universolorca.com\/wp-content\/uploads\/2020\/11\/Premios-del-concurso-de-Cante-Jondo.-330x572.jpg 330w, https:\/\/www.universolorca.com\/wp-content\/uploads\/2020\/11\/Premios-del-concurso-de-Cante-Jondo.-216x375.jpg 216w\" sizes=\"(max-width: 1407px) 100vw, 1407px\" \/><\/a><figcaption class=\"caption wp-caption-text\">Prizes of the Flamenco Song Contest.<\/figcaption><\/figure>\n<p>After the one in Granada, other contests followed. The first one in Seville, amidst protests from the fans for taking songs out of their intimate and closed spaces. Then there were other contests and replicas. According to <a href=\"https:\/\/www.universolorca.com\/en\/personaje\/falla-matheu-manuel-de\/\">Manuel de Falla<\/a>, a popular contest was prepared in C\u00e1diz, as well as in Jerez and Sanl\u00facar, and even in some neighborhoods of Seville despite &#8220;the hostility of certain Sevillians&#8230;&#8221;. There was also a replica in Madrid and one, quite bizarre, in Granada, of &#8220;English and Scottish singers&#8221; that left Falla perplexed. &#8220;Numerous Scots with their calves uncovered,&#8221; Ram\u00f3n writes, &#8220;are going to get off the train tomorrow or the day after with their bagpipes on their shoulders, with their bagpipes like bitches with many nipples.&#8221;<\/p>\n","protected":false},"excerpt":{"rendered":"<p>Contrary to the opinion of defeatists like Valladar, the square resisted. Federico Garc\u00eda Lorca himself wrote: &#8220;Fortunately the cistern did not sink and it was a party with moon and [&hellip;]<\/p>\n","protected":false},"author":3,"featured_media":0,"parent":9557,"menu_order":27,"comment_status":"closed","ping_status":"closed","template":"page-cantejondo.php","meta":{"footnotes":""},"class_list":["post-10681","page","type-page","status-publish","hentry"],"_links":{"self":[{"href":"https:\/\/www.universolorca.com\/en\/wp-json\/wp\/v2\/pages\/10681"}],"collection":[{"href":"https:\/\/www.universolorca.com\/en\/wp-json\/wp\/v2\/pages"}],"about":[{"href":"https:\/\/www.universolorca.com\/en\/wp-json\/wp\/v2\/types\/page"}],"author":[{"embeddable":true,"href":"https:\/\/www.universolorca.com\/en\/wp-json\/wp\/v2\/users\/3"}],"replies":[{"embeddable":true,"href":"https:\/\/www.universolorca.com\/en\/wp-json\/wp\/v2\/comments?post=10681"}],"version-history":[{"count":5,"href":"https:\/\/www.universolorca.com\/en\/wp-json\/wp\/v2\/pages\/10681\/revisions"}],"predecessor-version":[{"id":11445,"href":"https:\/\/www.universolorca.com\/en\/wp-json\/wp\/v2\/pages\/10681\/revisions\/11445"}],"up":[{"embeddable":true,"href":"https:\/\/www.universolorca.com\/en\/wp-json\/wp\/v2\/pages\/9557"}],"wp:attachment":[{"href":"https:\/\/www.universolorca.com\/en\/wp-json\/wp\/v2\/media?parent=10681"}],"curies":[{"name":"wp","href":"https:\/\/api.w.org\/{rel}","templated":true}]}}