{"id":10672,"date":"2020-11-03T11:16:51","date_gmt":"2020-11-03T11:16:51","guid":{"rendered":"https:\/\/www.universolorca.com\/the-deep-song-contest-of-1922\/bibliography\/"},"modified":"2021-11-22T11:09:22","modified_gmt":"2021-11-22T11:09:22","slug":"bibliography","status":"publish","type":"page","link":"https:\/\/www.universolorca.com\/en\/the-flamenco-song-contest-of-1922\/bibliography\/","title":{"rendered":"Bibliography"},"content":{"rendered":"<p>Abeli\u00f3n [Miguel Cer\u00f3n]. <em>Music and Flamenco, El Defensor de Granada<\/em>, March 13, 1922.<\/p>\n<p>\u00c1lvarez Caballero, \u00c1ngel. <em>History of Flamenco<\/em>. Alianza. Madrid, 1981.<\/p>\n<p>Anonymous. <em>Bad taste poster. La Voz de Granada<\/em>, June 8, 1922.<\/p>\n<p>Anonymous. <em>A Conference. The Deep Song Contest.<\/em> <em>Gaceta del Sur<\/em>, February 18, 1922.<\/p>\n<p>Anonymous. <em>Deep Song: call for a contest<\/em>. <em>Gaceta del Sur<\/em>, May 26, 1922.<\/p>\n<p>Chaves Nogales, Manuel. <a href=\"http:\/\/manuelchavesnogales.info\/ineditos\/articulos\/el_cante_hondo_serio_y_transcendente.html\"><em>Deep Song, serious and transcendent.<\/em><\/a>1922.<\/p>\n<p>Christoforidis, Michael. <em>An approach to the position of Manuel de Falla in the &#8216;Deep Song&#8217;<\/em>. Manuel de Falla Archive. Granada, 1997.<\/p>\n<p>Falla, Manuel de. <em>The Deep Song Proposal<\/em>. <em>El Defensor de Granada<\/em>, March 21, 1922.<\/p>\n<p>Falla, Manuel de. <em>The Deep Song<\/em>. <em>Gaceta del Sur<\/em>, March 21, 1922.<\/p>\n<p>Garc\u00eda Lorca, Federico. <em>Poem of the Deep Song: followed by the three theoretical writings of Federico Garc\u00eda Lorca and Manuel de Falla<\/em>. Alianza. Madrid, 1982.<\/p>\n<p>Garc\u00eda Lorca, Federico. <em>Complete Works<\/em>. RBA-Instituto Cervantes. Barcelona, 2006.<\/p>\n<p>Garc\u00eda Lorca, Federico. <em>Poem of the Deep Song. <\/em>Facsimile edition. Garcia Lorca Birthplace Museum. Fuente Vaqueros, 1997.<\/p>\n<p>Garc\u00eda Lorca, Isabel. <em>My\u00a0Memories<\/em>. Tusquets. Barcelona, 2002.<\/p>\n<p>Garc\u00eda Montero, Luis. <em>Garc\u00eda Lorca and the Deep Song<\/em>. In <em>Federico Garc\u00eda Lorca: Poems of the Deep Song. <\/em>Espasa Calpe. Madrid, 1990.<\/p>\n<p>Garc\u00eda P\u00e9rez, Juan de Loxa. <em>Lights and shadows in the Deep Song Contest, 1922<\/em>. <em>Ideal<\/em>, supplement<em> Artes y Letras<\/em>.<\/p>\n<p>Grande, F\u00e9lix. <em>Garc\u00eda Lorca and the Flamenco<\/em>. Mondadori. Madrid 1992.<\/p>\n<p>Laffranque, Marie. <em>Life and death of Garc\u00eda Lorca<\/em>. Ediciones Era. Mexico, 1972.<\/p>\n<p>Le\u00f3n, Jos\u00e9 Javier. <em>Lorca and the Flamenco, a love story<\/em>. In\u00a0<em>Ensue\u00f1o de lejan\u00edas<\/em>. Agencia Andaluza de Instituciones Culturales. Sevilla, 2018.<\/p>\n<p>Mairena, Antonio and Molina, Ricardo. <em>World and types of Flamenco Song<\/em>. Occidente magazine. Madrid, 1963.<\/p>\n<p>Mata, Juan. <em>Apogee and silence of Hermenegildo Lanz. <\/em>Diputaci\u00f3n Provincial de Granada, 2004.<\/p>\n<p>Maurer, Christopher. <em>Federico Garc\u00eda Lorca and his Architecture of the Deep Song<\/em>. Comares. Granada, 2001.<\/p>\n<p>Molina Fajardo, Eduardo. <em>Manuel de Falla and the <\/em><em>Deep Song<\/em>. Granada University, 1998.<\/p>\n<p>Mora Guarnido, Jos\u00e9. <em>Federico Garc\u00eda Lorca and his world<\/em>. Losada. Buenos Aires, 1958.<\/p>\n<p>Orozco D\u00edaz, Manuel. <em>Figures in Lorca&#8217;s Granada<\/em>. Dauro. Granada, 2016.<\/p>\n<p>Persia, Jorge de. <em>I Flamenco Song Contest<\/em>. Commemorative edition of the 70<sup>th<\/sup> anniversary. Manuel de Falla Archive. Granada, 1992.<\/p>\n<p>Rodrigo, Antonina. <em>Memory of Granada. Manuel \u00c1ngeles Ortiz and Federico Garc\u00eda Lorca<\/em>. Garcia Lorca Birthplace Museum. Fuente Vaqueros, 1993.<\/p>\n<p>Soria, Andr\u00e9s. Prologue to\u00a0<em>Manuel de Falla and the Deep Song <\/em>by Eduardo Molina. Granada University, 1998.<\/p>\n<p>Valladar, Francisco de Paula. <em>Popular songs<\/em>. Alhambra, March 28, 1922.<\/p>\n<p>Vallejo Prieto, Jos\u00e9. <em>Ignacio Zuloaga and Manuel de Falla: story of a friendship<\/em>. Patronato de la Alhambra y el Generalife. Granada, 2016.<\/p>\n","protected":false},"excerpt":{"rendered":"<p>Abeli\u00f3n [Miguel Cer\u00f3n]. Music and Flamenco, El Defensor de Granada, March 13, 1922. \u00c1lvarez Caballero, \u00c1ngel. History of Flamenco. Alianza. Madrid, 1981. Anonymous. Bad taste poster. La Voz de Granada, [&hellip;]<\/p>\n","protected":false},"author":3,"featured_media":0,"parent":9557,"menu_order":35,"comment_status":"closed","ping_status":"closed","template":"page-cantejondo.php","meta":{"footnotes":""},"class_list":["post-10672","page","type-page","status-publish","hentry"],"_links":{"self":[{"href":"https:\/\/www.universolorca.com\/en\/wp-json\/wp\/v2\/pages\/10672"}],"collection":[{"href":"https:\/\/www.universolorca.com\/en\/wp-json\/wp\/v2\/pages"}],"about":[{"href":"https:\/\/www.universolorca.com\/en\/wp-json\/wp\/v2\/types\/page"}],"author":[{"embeddable":true,"href":"https:\/\/www.universolorca.com\/en\/wp-json\/wp\/v2\/users\/3"}],"replies":[{"embeddable":true,"href":"https:\/\/www.universolorca.com\/en\/wp-json\/wp\/v2\/comments?post=10672"}],"version-history":[{"count":13,"href":"https:\/\/www.universolorca.com\/en\/wp-json\/wp\/v2\/pages\/10672\/revisions"}],"predecessor-version":[{"id":11718,"href":"https:\/\/www.universolorca.com\/en\/wp-json\/wp\/v2\/pages\/10672\/revisions\/11718"}],"up":[{"embeddable":true,"href":"https:\/\/www.universolorca.com\/en\/wp-json\/wp\/v2\/pages\/9557"}],"wp:attachment":[{"href":"https:\/\/www.universolorca.com\/en\/wp-json\/wp\/v2\/media?parent=10672"}],"curies":[{"name":"wp","href":"https:\/\/api.w.org\/{rel}","templated":true}]}}